{"id":820,"date":"2010-10-07T00:36:46","date_gmt":"2010-10-06T22:36:46","guid":{"rendered":"http:\/\/happy2travel.eu\/sk\/index.php"},"modified":"2019-01-22T19:26:55","modified_gmt":"2019-01-22T17:26:55","slug":"cesta-okolo-sveta-fotky","status":"publish","type":"page","link":"https:\/\/happy2travel.eu\/sk\/fotogaleria-stara\/cesta-okolo-sveta-fotky","title":{"rendered":"Fotogal\u00e9ria Happy2Travel"},"content":{"rendered":"<p>Toto je nov\u00e1 verzia fotogal\u00e9rie vo v\u00fdstavbe. N\u00e1jdete tu najkraj\u0161ie fotografie, ktor\u00e9 neust\u00e1le prib\u00fadaj\u00fa.<\/p>\n<p style=\"font-size: 14px;\">Star\u00e1 gal\u00e9ria Happy2Travel, ktor\u00e1 obsahuje v\u00e4\u010d\u0161inu nespracovan\u00fdch albumov, sa nach\u00e1dza na adrese starej <a title=\"Fotogal\u00e9ria Happy2Travel\" href=\"http:\/\/happy2travel.eu\/sk\/fotogaleria-stara\"><strong>fotogal\u00e9rie tu<\/strong><\/a>.<\/p>\n<p><span style=\"font-size: medium;\"><a title=\"Argent\u00edna fotky - Iguazu, Buenos Aires, Patag\u00f3nia, Andy\" href=\"http:\/\/happy2travel.eu\/sk\/fotogaleria-stara\/cesta-okolo-sveta-fotky\/argentina-iguazu-buenos-aires-patagonia\">Argent\u00edna<\/a><\/span><\/p>\n<p style=\"font-size: 14px;\"><ul class=\"ngg-breadcrumbs\">\n    <\/ul>\n<div class=\"ngg-albumoverview\">\n\n\t<!-- List of galleries -->\n\t\n\t<div class=\"ngg-album-compact\">\n\t\t<div class=\"ngg-album-compactbox\">\n\t\t\t<div class=\"ngg-album-link\">\n                                    <a class=\"Link\" href=\"https:\/\/happy2travel.eu\/sk\/fotogaleria-stara\/cesta-okolo-sveta-fotky\/nggallery\/argentina\/vodopady-iguazu-argentina\">\n                        <img class=\"Thumb\"\n                             alt=\"Vodop\u00e1dy Iguazu - Argent\u00edna\"\n                             src=\"https:\/\/happy2travel.eu\/sk\/platforma\/gallery\/igua\/cache\/P4263218.JPG-nggid03376-ngg0dyn-240x160x100-00f0w010c011r110f110r010t010.JPG\"\/>\n                    <\/a>\n                \t\t\t<\/div>\n\t\t<\/div>\n                <h4>\n            <a class=\"ngg-album-desc\"\n               title=\"Vodop\u00e1dy Iguazu - Argent\u00edna\"\n               href=\"https:\/\/happy2travel.eu\/sk\/fotogaleria-stara\/cesta-okolo-sveta-fotky\/nggallery\/argentina\/vodopady-iguazu-argentina\"\n               style=\"max-width: 260px\">\n                Vodop\u00e1dy Iguazu - Argent\u00edna            <\/a>\n        <\/h4>\n\t\t<p class=\"ngg-album-gallery-image-counter\">\n\t\t\t\t\t\t\t<strong>14<\/strong>&nbsp;Fotografie\t\t\t\t\t<\/p>\n\t<\/div>\n\n \t\n\t<!-- Pagination -->\n    <br class=\"ngg-clear\"\/>\n \t<div class='ngg-clear'><\/div><\/div>\n\n\n<h2><\/h2>\n<h2><a title=\"Braz\u00edlia fotogal\u00e9ria\" href=\"http:\/\/happy2travel.eu\/sk\/fotogaleria\/cesta-okolo-sveta-fotky\/brazilia-obrazky\">Braz\u00edlia<\/a><\/h2>\n<ul class=\"ngg-breadcrumbs\">\n    <\/ul>\n<div class=\"ngg-albumoverview\">\n\n\t<!-- List of galleries -->\n\t\n\t<div class=\"ngg-album-compact\">\n\t\t<div class=\"ngg-album-compactbox\">\n\t\t\t<div class=\"ngg-album-link\">\n                                    <a class=\"Link\" href=\"https:\/\/happy2travel.eu\/sk\/fotogaleria-stara\/cesta-okolo-sveta-fotky\/nggallery\/brazilia\/brazilska-amazonka-%e2%80%93-dzungla\">\n                        <img class=\"Thumb\"\n                             alt=\"Braz\u00edlska Amazonka \u2013 d\u017eung\u013ea\"\n                             src=\"https:\/\/happy2travel.eu\/sk\/platforma\/gallery\/amazonka\/cache\/P4072148.jpg-nggid03427-ngg0dyn-240x160x100-00f0w010c011r110f110r010t010.jpg\"\/>\n                    <\/a>\n                \t\t\t<\/div>\n\t\t<\/div>\n                <h4>\n            <a class=\"ngg-album-desc\"\n               title=\"Braz\u00edlska Amazonka \u2013 d\u017eung\u013ea\"\n               href=\"https:\/\/happy2travel.eu\/sk\/fotogaleria-stara\/cesta-okolo-sveta-fotky\/nggallery\/brazilia\/brazilska-amazonka-%e2%80%93-dzungla\"\n               style=\"max-width: 260px\">\n                Braz\u00edlska Amazonka \u2013 d\u017eung\u013ea            <\/a>\n        <\/h4>\n\t\t<p class=\"ngg-album-gallery-image-counter\">\n\t\t\t\t\t\t\t<strong>20<\/strong>&nbsp;Fotografie\t\t\t\t\t<\/p>\n\t<\/div>\n\n \t\n\t<div class=\"ngg-album-compact\">\n\t\t<div class=\"ngg-album-compactbox\">\n\t\t\t<div class=\"ngg-album-link\">\n                                    <a class=\"Link\" href=\"https:\/\/happy2travel.eu\/sk\/fotogaleria-stara\/cesta-okolo-sveta-fotky\/nggallery\/brazilia\/rio-mesto-bohov\">\n                        <img class=\"Thumb\"\n                             alt=\"Rio, mesto bohov\"\n                             src=\"https:\/\/happy2travel.eu\/sk\/platforma\/gallery\/rio-bohovia\/cache\/P4172506.jpg-nggid03235-ngg0dyn-240x160x100-00f0w010c011r110f110r010t010.jpg\"\/>\n                    <\/a>\n                \t\t\t<\/div>\n\t\t<\/div>\n                <h4>\n            <a class=\"ngg-album-desc\"\n               title=\"Rio, mesto bohov\"\n               href=\"https:\/\/happy2travel.eu\/sk\/fotogaleria-stara\/cesta-okolo-sveta-fotky\/nggallery\/brazilia\/rio-mesto-bohov\"\n               style=\"max-width: 260px\">\n                Rio, mesto bohov            <\/a>\n        <\/h4>\n\t\t<p class=\"ngg-album-gallery-image-counter\">\n\t\t\t\t\t\t\t<strong>18<\/strong>&nbsp;Fotografie\t\t\t\t\t<\/p>\n\t<\/div>\n\n \t\n\t<div class=\"ngg-album-compact\">\n\t\t<div class=\"ngg-album-compactbox\">\n\t\t\t<div class=\"ngg-album-link\">\n                                    <a class=\"Link\" href=\"https:\/\/happy2travel.eu\/sk\/fotogaleria-stara\/cesta-okolo-sveta-fotky\/nggallery\/brazilia\/rio-brloh-demonov\">\n                        <img class=\"Thumb\"\n                             alt=\"Rio, brloh d\u00e9monov\"\n                             src=\"https:\/\/happy2travel.eu\/sk\/platforma\/gallery\/rio2\/cache\/P4182781.jpg-nggid03270-ngg0dyn-240x160x100-00f0w010c011r110f110r010t010.jpg\"\/>\n                    <\/a>\n                \t\t\t<\/div>\n\t\t<\/div>\n                <h4>\n            <a class=\"ngg-album-desc\"\n               title=\"Rio, brloh d\u00e9monov\"\n               href=\"https:\/\/happy2travel.eu\/sk\/fotogaleria-stara\/cesta-okolo-sveta-fotky\/nggallery\/brazilia\/rio-brloh-demonov\"\n               style=\"max-width: 260px\">\n                Rio, brloh d\u00e9monov            <\/a>\n        <\/h4>\n\t\t<p class=\"ngg-album-gallery-image-counter\">\n\t\t\t\t\t\t\t<strong>28<\/strong>&nbsp;Fotografie\t\t\t\t\t<\/p>\n\t<\/div>\n\n \t\n\t<div class=\"ngg-album-compact\">\n\t\t<div class=\"ngg-album-compactbox\">\n\t\t\t<div class=\"ngg-album-link\">\n                                    <a class=\"Link\" href=\"https:\/\/happy2travel.eu\/sk\/fotogaleria-stara\/cesta-okolo-sveta-fotky\/nggallery\/brazilia\/vodopady-iguacu-%e2%80%93-brazilia\">\n                        <img class=\"Thumb\"\n                             alt=\"Vodop\u00e1dy Igua\u00e7u \u2013 Braz\u00edlia\"\n                             src=\"https:\/\/happy2travel.eu\/sk\/platforma\/gallery\/iguacu\/cache\/p4222898.jpg-nggid03309-ngg0dyn-240x160x100-00f0w010c011r110f110r010t010.jpg\"\/>\n                    <\/a>\n                \t\t\t<\/div>\n\t\t<\/div>\n                <h4>\n            <a class=\"ngg-album-desc\"\n               title=\"Vodop\u00e1dy Igua\u00e7u \u2013 Braz\u00edlia\"\n               href=\"https:\/\/happy2travel.eu\/sk\/fotogaleria-stara\/cesta-okolo-sveta-fotky\/nggallery\/brazilia\/vodopady-iguacu-%e2%80%93-brazilia\"\n               style=\"max-width: 260px\">\n                Vodop\u00e1dy Igua\u00e7u \u2013 Braz\u00edlia            <\/a>\n        <\/h4>\n\t\t<p class=\"ngg-album-gallery-image-counter\">\n\t\t\t\t\t\t\t<strong>16<\/strong>&nbsp;Fotografie\t\t\t\t\t<\/p>\n\t<\/div>\n\n \t\n\t<!-- Pagination -->\n    <br class=\"ngg-clear\"\/>\n \t<div class='ngg-clear'><\/div><\/div>\n\n\n<h2><a title=\"\u010cile Fotogal\u00e9ria\" href=\"http:\/\/happy2travel.eu\/sk\/fotogaleria-stara\/cesta-okolo-sveta-fotky\/cile-atacama-patagonia\">\u010cile<\/a><\/h2>\n<ul class=\"ngg-breadcrumbs\">\n    <\/ul>\n<div class=\"ngg-albumoverview\">\n\n\t<!-- List of galleries -->\n\t\n\t<div class=\"ngg-album-compact\">\n\t\t<div class=\"ngg-album-compactbox\">\n\t\t\t<div class=\"ngg-album-link\">\n                                    <a class=\"Link\" href=\"https:\/\/happy2travel.eu\/sk\/fotogaleria-stara\/cesta-okolo-sveta-fotky\/nggallery\/cile\/narodny-park-torres-del-paine-patagonia\">\n                        <img class=\"Thumb\"\n                             alt=\"N\u00e1rodn\u00fd park Torres del Paine, Patag\u00f3nia\"\n                             src=\"https:\/\/happy2travel.eu\/sk\/platforma\/gallery\/torres\/cache\/P5285686-Edit.jpg-nggid03466-ngg0dyn-240x160x100-00f0w010c011r110f110r010t010.jpg\"\/>\n                    <\/a>\n                \t\t\t<\/div>\n\t\t<\/div>\n                <h4>\n            <a class=\"ngg-album-desc\"\n               title=\"N\u00e1rodn\u00fd park Torres del Paine, Patag\u00f3nia\"\n               href=\"https:\/\/happy2travel.eu\/sk\/fotogaleria-stara\/cesta-okolo-sveta-fotky\/nggallery\/cile\/narodny-park-torres-del-paine-patagonia\"\n               style=\"max-width: 260px\">\n                N\u00e1rodn\u00fd park Torres del Paine, Patag\u00f3nia            <\/a>\n        <\/h4>\n\t\t<p class=\"ngg-album-gallery-image-counter\">\n\t\t\t\t\t\t\t<strong>31<\/strong>&nbsp;Fotografie\t\t\t\t\t<\/p>\n\t<\/div>\n\n \t\n\t<div class=\"ngg-album-compact\">\n\t\t<div class=\"ngg-album-compactbox\">\n\t\t\t<div class=\"ngg-album-link\">\n                                    <a class=\"Link\" href=\"https:\/\/happy2travel.eu\/sk\/fotogaleria-stara\/cesta-okolo-sveta-fotky\/nggallery\/cile\/pust-atacama-cile\">\n                        <img class=\"Thumb\"\n                             alt=\"P\u00fa\u0161\u0165 Atacama, \u010cile\"\n                             src=\"https:\/\/happy2travel.eu\/sk\/platforma\/gallery\/atacama\/cache\/cile-atacama-6307958.jpg-nggid03520-ngg0dyn-240x160x100-00f0w010c011r110f110r010t010.jpg\"\/>\n                    <\/a>\n                \t\t\t<\/div>\n\t\t<\/div>\n                <h4>\n            <a class=\"ngg-album-desc\"\n               title=\"P\u00fa\u0161\u0165 Atacama, \u010cile\"\n               href=\"https:\/\/happy2travel.eu\/sk\/fotogaleria-stara\/cesta-okolo-sveta-fotky\/nggallery\/cile\/pust-atacama-cile\"\n               style=\"max-width: 260px\">\n                P\u00fa\u0161\u0165 Atacama, \u010cile            <\/a>\n        <\/h4>\n\t\t<p class=\"ngg-album-gallery-image-counter\">\n\t\t\t\t\t\t\t<strong>19<\/strong>&nbsp;Fotografie\t\t\t\t\t<\/p>\n\t<\/div>\n\n \t\n\t<!-- Pagination -->\n    <br class=\"ngg-clear\"\/>\n \t<div class='ngg-clear'><\/div><\/div>\n\n\n<h2><a title=\"\u010c\u00edna \u2013 fotogal\u00e9ria\" href=\"http:\/\/happy2travel.eu\/sk\/index.php\/fotogaleria\/cesta-okolo-sveta-fotky\/cina-cestovanie-fotografie\">\u010c\u00edna<\/a><\/h2>\n<ul class=\"ngg-breadcrumbs\">\n    <\/ul>\n<div class=\"ngg-albumoverview\">\n\n\t<!-- List of galleries -->\n\t\n\t<div class=\"ngg-album-compact\">\n\t\t<div class=\"ngg-album-compactbox\">\n\t\t\t<div class=\"ngg-album-link\">\n                                    <a class=\"Link\" href=\"https:\/\/happy2travel.eu\/sk\/kunming-juzna-cina-galeria\">\n                        <img class=\"Thumb\"\n                             alt=\"Kunm\u00edng\"\n                             src=\"https:\/\/happy2travel.eu\/sk\/platforma\/gallery\/kunming\/cache\/P1101929.jpg-nggid0230-ngg0dyn-240x160x100-00f0w010c011r110f110r010t010.jpg\"\/>\n                    <\/a>\n                \t\t\t<\/div>\n\t\t<\/div>\n                <h4>\n            <a class=\"ngg-album-desc\"\n               title=\"Kunm\u00edng\"\n               href=\"https:\/\/happy2travel.eu\/sk\/kunming-juzna-cina-galeria\"\n               style=\"max-width: 260px\">\n                Kunm\u00edng            <\/a>\n        <\/h4>\n\t\t<p class=\"ngg-album-gallery-image-counter\">\n\t\t\t\t\t\t\t<strong>16<\/strong>&nbsp;Fotografie\t\t\t\t\t<\/p>\n\t<\/div>\n\n \t\n\t<div class=\"ngg-album-compact\">\n\t\t<div class=\"ngg-album-compactbox\">\n\t\t\t<div class=\"ngg-album-link\">\n                                    <a class=\"Link\" href=\"https:\/\/happy2travel.eu\/sk\/yangshuo-juzna-cina\">\n                        <img class=\"Thumb\"\n                             alt=\"Yangshuo\"\n                             src=\"https:\/\/happy2travel.eu\/sk\/platforma\/gallery\/02\/cache\/P1132136.jpg-nggid0251-ngg0dyn-240x160x100-00f0w010c011r110f110r010t010.jpg\"\/>\n                    <\/a>\n                \t\t\t<\/div>\n\t\t<\/div>\n                <h4>\n            <a class=\"ngg-album-desc\"\n               title=\"Yangshuo\"\n               href=\"https:\/\/happy2travel.eu\/sk\/yangshuo-juzna-cina\"\n               style=\"max-width: 260px\">\n                Yangshuo            <\/a>\n        <\/h4>\n\t\t<p class=\"ngg-album-gallery-image-counter\">\n\t\t\t\t\t\t\t<strong>24<\/strong>&nbsp;Fotografie\t\t\t\t\t<\/p>\n\t<\/div>\n\n \t\n\t<div class=\"ngg-album-compact\">\n\t\t<div class=\"ngg-album-compactbox\">\n\t\t\t<div class=\"ngg-album-link\">\n                                    <a class=\"Link\" href=\"https:\/\/happy2travel.eu\/sk\/guangzhou-juzna-cina-foto\">\n                        <img class=\"Thumb\"\n                             alt=\"Guangzhou\"\n                             src=\"https:\/\/happy2travel.eu\/sk\/platforma\/gallery\/guangzhou\/cache\/p1162267.jpg-nggid0272-ngg0dyn-240x160x100-00f0w010c011r110f110r010t010.jpg\"\/>\n                    <\/a>\n                \t\t\t<\/div>\n\t\t<\/div>\n                <h4>\n            <a class=\"ngg-album-desc\"\n               title=\"Guangzhou\"\n               href=\"https:\/\/happy2travel.eu\/sk\/guangzhou-juzna-cina-foto\"\n               style=\"max-width: 260px\">\n                Guangzhou            <\/a>\n        <\/h4>\n\t\t<p class=\"ngg-album-gallery-image-counter\">\n\t\t\t\t\t\t\t<strong>13<\/strong>&nbsp;Fotografie\t\t\t\t\t<\/p>\n\t<\/div>\n\n \t\n\t<div class=\"ngg-album-compact\">\n\t\t<div class=\"ngg-album-compactbox\">\n\t\t\t<div class=\"ngg-album-link\">\n                                    <a class=\"Link\" href=\"https:\/\/happy2travel.eu\/sk\/fotogaleria-stara\/cesta-okolo-sveta-fotky\/nggallery\/cina\/hong-kong\">\n                        <img class=\"Thumb\"\n                             alt=\"Hongkong\"\n                             src=\"https:\/\/happy2travel.eu\/sk\/platforma\/gallery\/hong-kong\/cache\/p1172377.jpg-nggid0285-ngg0dyn-240x160x100-00f0w010c011r110f110r010t010.jpg\"\/>\n                    <\/a>\n                \t\t\t<\/div>\n\t\t<\/div>\n                <h4>\n            <a class=\"ngg-album-desc\"\n               title=\"Hongkong\"\n               href=\"https:\/\/happy2travel.eu\/sk\/fotogaleria-stara\/cesta-okolo-sveta-fotky\/nggallery\/cina\/hong-kong\"\n               style=\"max-width: 260px\">\n                Hongkong            <\/a>\n        <\/h4>\n\t\t<p class=\"ngg-album-gallery-image-counter\">\n\t\t\t\t\t\t\t<strong>16<\/strong>&nbsp;Fotografie\t\t\t\t\t<\/p>\n\t<\/div>\n\n \t\n\t<!-- Pagination -->\n    <br class=\"ngg-clear\"\/>\n \t<div class='ngg-clear'><\/div><\/div>\n\n\n<h2><a title=\"Kambod\u017ea fotogal\u00e9ria\" href=\"http:\/\/happy2travel.eu\/sk\/index.php\/fotogaleria\/kambodza-cestovanie-fotografie\">Kambod\u017ea<\/a><\/h2>\n<ul class=\"ngg-breadcrumbs\">\n    <\/ul>\n<div class=\"ngg-albumoverview\">\n\n\t<!-- List of galleries -->\n\t\n\t<div class=\"ngg-album-compact\">\n\t\t<div class=\"ngg-album-compactbox\">\n\t\t\t<div class=\"ngg-album-link\">\n                                    <a class=\"Link\" href=\"https:\/\/happy2travel.eu\/sk\/fotogaleria-stara\/cesta-okolo-sveta-fotky\/nggallery\/kambodza\/siem-reap-a-angkor-vat\">\n                        <img class=\"Thumb\"\n                             alt=\"Siem Reap a Angkor Vat\"\n                             src=\"https:\/\/happy2travel.eu\/sk\/platforma\/gallery\/nextgen\/cache\/PC251255.JPG-nggid03120-ngg0dyn-240x160x100-00f0w010c011r110f110r010t010.JPG\"\/>\n                    <\/a>\n                \t\t\t<\/div>\n\t\t<\/div>\n                <h4>\n            <a class=\"ngg-album-desc\"\n               title=\"Siem Reap a Angkor Vat\"\n               href=\"https:\/\/happy2travel.eu\/sk\/fotogaleria-stara\/cesta-okolo-sveta-fotky\/nggallery\/kambodza\/siem-reap-a-angkor-vat\"\n               style=\"max-width: 260px\">\n                Siem Reap a Angkor Vat            <\/a>\n        <\/h4>\n\t\t<p class=\"ngg-album-gallery-image-counter\">\n\t\t\t\t\t\t\t<strong>33<\/strong>&nbsp;Fotografie\t\t\t\t\t<\/p>\n\t<\/div>\n\n \t\n\t<div class=\"ngg-album-compact\">\n\t\t<div class=\"ngg-album-compactbox\">\n\t\t\t<div class=\"ngg-album-link\">\n                                    <a class=\"Link\" href=\"https:\/\/happy2travel.eu\/sk\/phnom-penh-kambodza-fotky\">\n                        <img class=\"Thumb\"\n                             alt=\"Phnom Penh\"\n                             src=\"https:\/\/happy2travel.eu\/sk\/platforma\/gallery\/phnom-penh\/cache\/PC311659.JPG-nggid03164-ngg0dyn-240x160x100-00f0w010c011r110f110r010t010.JPG\"\/>\n                    <\/a>\n                \t\t\t<\/div>\n\t\t<\/div>\n                <h4>\n            <a class=\"ngg-album-desc\"\n               title=\"Phnom Penh\"\n               href=\"https:\/\/happy2travel.eu\/sk\/phnom-penh-kambodza-fotky\"\n               style=\"max-width: 260px\">\n                Phnom Penh            <\/a>\n        <\/h4>\n\t\t<p class=\"ngg-album-gallery-image-counter\">\n\t\t\t\t\t\t\t<strong>17<\/strong>&nbsp;Fotografie\t\t\t\t\t<\/p>\n\t<\/div>\n\n \t\n\t<div class=\"ngg-album-compact\">\n\t\t<div class=\"ngg-album-compactbox\">\n\t\t\t<div class=\"ngg-album-link\">\n                                    <a class=\"Link\" href=\"https:\/\/happy2travel.eu\/sk\/severna-kambodza-fotky\">\n                        <img class=\"Thumb\"\n                             alt=\"Severn\u00e1 Kambod\u017ea\"\n                             src=\"https:\/\/happy2travel.eu\/sk\/platforma\/gallery\/severna_kambodza\/cache\/P1021678.jpg-nggid03183-ngg0dyn-240x160x100-00f0w010c011r110f110r010t010.jpg\"\/>\n                    <\/a>\n                \t\t\t<\/div>\n\t\t<\/div>\n                <h4>\n            <a class=\"ngg-album-desc\"\n               title=\"Severn\u00e1 Kambod\u017ea\"\n               href=\"https:\/\/happy2travel.eu\/sk\/severna-kambodza-fotky\"\n               style=\"max-width: 260px\">\n                Severn\u00e1 Kambod\u017ea            <\/a>\n        <\/h4>\n\t\t<p class=\"ngg-album-gallery-image-counter\">\n\t\t\t\t\t\t\t<strong>10<\/strong>&nbsp;Fotografie\t\t\t\t\t<\/p>\n\t<\/div>\n\n \t\n\t<!-- Pagination -->\n    <br class=\"ngg-clear\"\/>\n \t<div class='ngg-clear'><\/div><\/div>\n\n\n<h2><a title=\"Venezuela - Rora\u00edma, Gran Sabana, Caracas, Orinoco\" href=\"http:\/\/happy2travel.eu\/sk\/fotogaleria-stara\/cesta-okolo-sveta-fotky\/venezuela-caracas-roraima-ciudad-bolivar\">Venezuela<\/a><\/h2>\n<ul class=\"ngg-breadcrumbs\">\n    <\/ul>\n<div class=\"ngg-albumoverview\">\n\n\t<!-- List of galleries -->\n\t\n\t<div class=\"ngg-album-compact\">\n\t\t<div class=\"ngg-album-compactbox\">\n\t\t\t<div class=\"ngg-album-link\">\n                                    <a class=\"Link\" href=\"https:\/\/happy2travel.eu\/sk\/fotogaleria-stara\/cesta-okolo-sveta-fotky\/nggallery\/venezuela\/roraima\">\n                        <img class=\"Thumb\"\n                             alt=\"Rora\u00edma\"\n                             src=\"https:\/\/happy2travel.eu\/sk\/platforma\/gallery\/roraima\/cache\/venezuela-roraima-3.jpg-nggid03581-ngg0dyn-240x160x100-00f0w010c011r110f110r010t010.jpg\"\/>\n                    <\/a>\n                \t\t\t<\/div>\n\t\t<\/div>\n                <h4>\n            <a class=\"ngg-album-desc\"\n               title=\"Rora\u00edma\"\n               href=\"https:\/\/happy2travel.eu\/sk\/fotogaleria-stara\/cesta-okolo-sveta-fotky\/nggallery\/venezuela\/roraima\"\n               style=\"max-width: 260px\">\n                Rora\u00edma            <\/a>\n        <\/h4>\n\t\t<p class=\"ngg-album-gallery-image-counter\">\n\t\t\t\t\t\t\t<strong>30<\/strong>&nbsp;Fotografie\t\t\t\t\t<\/p>\n\t<\/div>\n\n \t\n\t<!-- Pagination -->\n    <br class=\"ngg-clear\"\/>\n \t<div class='ngg-clear'><\/div><\/div>\n\n\n<p>&nbsp;<\/p>\n<p>&nbsp;<\/p>\n","protected":false},"excerpt":{"rendered":"<p>Toto je nov\u00e1 verzia fotogal\u00e9rie vo v\u00fdstavbe. N\u00e1jdete tu najkraj\u0161ie fotografie, ktor\u00e9 neust\u00e1le prib\u00fadaj\u00fa. Star\u00e1 gal\u00e9ria Happy2Travel, ktor\u00e1 obsahuje v\u00e4\u010d\u0161inu nespracovan\u00fdch albumov, sa nach\u00e1dza na adrese starej fotogal\u00e9rie tu. Argent\u00edna Braz\u00edlia \u010cile \u010c\u00edna Kambod\u017ea Venezuela &nbsp; &nbsp;<\/p>\n","protected":false},"author":1,"featured_media":0,"parent":370,"menu_order":0,"comment_status":"open","ping_status":"open","template":"","meta":{"ngg_post_thumbnail":0},"_links":{"self":[{"href":"https:\/\/happy2travel.eu\/sk\/wp-json\/wp\/v2\/pages\/820"}],"collection":[{"href":"https:\/\/happy2travel.eu\/sk\/wp-json\/wp\/v2\/pages"}],"about":[{"href":"https:\/\/happy2travel.eu\/sk\/wp-json\/wp\/v2\/types\/page"}],"author":[{"embeddable":true,"href":"https:\/\/happy2travel.eu\/sk\/wp-json\/wp\/v2\/users\/1"}],"replies":[{"embeddable":true,"href":"https:\/\/happy2travel.eu\/sk\/wp-json\/wp\/v2\/comments?post=820"}],"version-history":[{"count":10,"href":"https:\/\/happy2travel.eu\/sk\/wp-json\/wp\/v2\/pages\/820\/revisions"}],"predecessor-version":[{"id":8170,"href":"https:\/\/happy2travel.eu\/sk\/wp-json\/wp\/v2\/pages\/820\/revisions\/8170"}],"up":[{"embeddable":true,"href":"https:\/\/happy2travel.eu\/sk\/wp-json\/wp\/v2\/pages\/370"}],"wp:attachment":[{"href":"https:\/\/happy2travel.eu\/sk\/wp-json\/wp\/v2\/media?parent=820"}],"curies":[{"name":"wp","href":"https:\/\/api.w.org\/{rel}","templated":true}]}}