{"id":4,"date":"2007-04-09T19:51:22","date_gmt":"2007-04-09T17:51:22","guid":{"rendered":"http:\/\/happy2travel.eu\/sk\/?page_id=4"},"modified":"2008-05-28T20:03:16","modified_gmt":"2008-05-28T18:03:16","slug":"o-nas","status":"publish","type":"page","link":"https:\/\/happy2travel.eu\/sk\/o-nas","title":{"rendered":"Na\u0161a misia &#8211; Happy2Travel okolo sveta"},"content":{"rendered":"<p><img src=\"http:\/\/happy2travel.eu\/sk\/wp-content\/uploads\/2007\/05\/ukoncenie.jpg\" alt=\"ukoncenie.jpg\" \/><\/p>\n<p>Stalo sa to po\u010das hor\u00faceho j\u00fala roku 1998: na Mars smeruje prv\u00e1 japonsk\u00e1 sonda, biol\u00f3gom sa pr\u00e1ve podarilo ozna\u010di\u0165 genetick\u00fd k\u00f3d syfilitickej bakt\u00e9rie. Mne tieto v\u00fdznamn\u00e9 udalosti po\u013eutovaniahodn\u00fdm sp\u00f4sobom unikaj\u00fa, v tom momente toti\u017e ost\u00fdchavo dr\u017e\u00edm Just\u00fdnu za ruku a nasad\u00e1me do est\u00f3nskeho autobusu. Na\u0161a prv\u00e1 spolo\u010dn\u00e1 cesta naprie\u010d baltick\u00fdmi krajinami; vo\u0148av\u00e9 noci pri \u017eelezni\u010dnom n\u00e1sype a vlaky s dreven\u00fdmi lavi\u010dkami a z\u00e1chodom, kde namiesto misy na v\u00e1s z\u00edva ve\u013ek\u00e1 chladn\u00e1 diera v podlahe a mihaj\u00face sa ko\u013eajnice.<\/p>\n<p>Odvtedy u\u017e ni\u010d nebolo tak\u00e9, ako predt\u00fdm. Slovensko z\u00edskalo ozajstn\u00e9ho kozmonauta, d\u00f4le\u017eit\u00fa vesm\u00edrnu misiu splnil spolu so svojim ply\u0161ov\u00fdm ps\u00edkom. Glob\u00e1lna politika a klimatick\u00e9 zmeny pomaly rozomie\u013eaj\u00fa svet, ktor\u00fd sme poznali, a vyr\u00e1baj\u00fa nov\u00fd.<\/p>\n<p>S Just\u00fdnou v\u0161ak i na\u010falej nastupujeme do pomal\u00fdch vlakov, tvrdohlavo stopujeme na vy\u013eudnen\u00fdch cest\u00e1ch, brod\u00edme sa horsk\u00fdmi potokmi a sp\u00e1vame kde sa d\u00e1. Nech nem\u00e1 nikto pochybnosti, \u017ee i na\u010falej ju pritom (ost\u00fdchavo) dr\u017e\u00edm za ruku a \u017ee v najbli\u017e\u0161ej dobe n\u00e1s to bavi\u0165 ani neprestane.<\/p>\n<p>U\u017e nieko\u013eko t\u00fd\u017ed\u0148ov sa v\u0161ak op\u00e4\u0165 nie\u010do v na\u0161ich \u017eivotoch men\u00ed. 11. febru\u00e1ra sme s hundran\u00edm nalo\u017eili na chrbty na\u0161e pre\u0165a\u017een\u00e9 ruksaky a vyrazili na cestu okolo sveta. Ply\u0161ov\u00e9ho ps\u00edka sme tentoraz nechali doma. Pok\u00fasime sa prejs\u0165 cez americk\u00fd a \u00e1zijsk\u00fd kontinent a\u017e nasp\u00e4\u0165 domov, nech u\u017e toto slovo znamen\u00e1 \u010doko\u013evek. Dr\u017ete n\u00e1m v tom palce: budeme to potrebova\u0165. A nekr\u00fa\u0165te hlavami; aj tak na to ka\u0161leme.<\/p>\n<p>Na tejto str\u00e1nke chceme o sebe p\u00edsa\u0165. Budeme radi, ak na\u0161e z\u00e1\u017eitky niekoho zaujm\u00fa; ak nie, nebude to n\u00e1\u0161 probl\u00e9m. Poz\u00fdvame preto v\u0161etk\u00fdch, ktor\u00fdm to stoj\u00ed za to, aby sledovali na\u0161e putovanie, aby videli a vn\u00edmali to, \u010do budeme vidie\u0165 a vn\u00edma\u0165 aj my: pestrofarebn\u00fd svet, hm\u00fdriacich sa \u013eud\u00ed, ich idey. Nekone\u010dn\u00fa Cestu. Vitajte.<\/p>\n<p><img src=\"http:\/\/happy2travel.eu\/sk\/wp-content\/uploads\/2007\/05\/o-nas-zahlavie.jpg\" alt=\"o-nas-zahlavie.jpg\" \/><\/p>\n","protected":false},"excerpt":{"rendered":"<p>Stalo sa to po\u010das hor\u00faceho j\u00fala roku 1998: na Mars smeruje prv\u00e1 japonsk\u00e1 sonda, biol\u00f3gom sa pr\u00e1ve podarilo ozna\u010di\u0165 genetick\u00fd k\u00f3d syfilitickej bakt\u00e9rie. Mne tieto v\u00fdznamn\u00e9 udalosti po\u013eutovaniahodn\u00fdm sp\u00f4sobom unikaj\u00fa, v tom momente toti\u017e ost\u00fdchavo dr\u017e\u00edm Just\u00fdnu za ruku a nasad\u00e1me do est\u00f3nskeho autobusu. Na\u0161a prv\u00e1 spolo\u010dn\u00e1 cesta naprie\u010d baltick\u00fdmi krajinami; vo\u0148av\u00e9 noci pri \u017eelezni\u010dnom&#8230;<\/p>\n","protected":false},"author":1,"featured_media":0,"parent":0,"menu_order":0,"comment_status":"open","ping_status":"open","template":"","meta":{"ngg_post_thumbnail":0},"_links":{"self":[{"href":"https:\/\/happy2travel.eu\/sk\/wp-json\/wp\/v2\/pages\/4"}],"collection":[{"href":"https:\/\/happy2travel.eu\/sk\/wp-json\/wp\/v2\/pages"}],"about":[{"href":"https:\/\/happy2travel.eu\/sk\/wp-json\/wp\/v2\/types\/page"}],"author":[{"embeddable":true,"href":"https:\/\/happy2travel.eu\/sk\/wp-json\/wp\/v2\/users\/1"}],"replies":[{"embeddable":true,"href":"https:\/\/happy2travel.eu\/sk\/wp-json\/wp\/v2\/comments?post=4"}],"version-history":[{"count":0,"href":"https:\/\/happy2travel.eu\/sk\/wp-json\/wp\/v2\/pages\/4\/revisions"}],"wp:attachment":[{"href":"https:\/\/happy2travel.eu\/sk\/wp-json\/wp\/v2\/media?parent=4"}],"curies":[{"name":"wp","href":"https:\/\/api.w.org\/{rel}","templated":true}]}}