{"id":370,"date":"2008-05-11T12:26:06","date_gmt":"2008-05-11T10:26:06","guid":{"rendered":"http:\/\/happy2travel.eu\/sk\/?page_id=370"},"modified":"2019-01-22T19:22:44","modified_gmt":"2019-01-22T17:22:44","slug":"fotogaleria-stara","status":"publish","type":"page","link":"https:\/\/happy2travel.eu\/sk\/fotogaleria-stara","title":{"rendered":"Fotogal\u00e9ria"},"content":{"rendered":"<p>Toto je p\u00f4vodn\u00e1 verzia fotogal\u00e9rie z cesty okolo sveta Happy2Travel. N\u00e1jdete tu v\u00e4\u010d\u0161inu fotografi\u00ed z na\u0161ej cesty, ale vo verzii \u201etak, ako s\u00fa\u201c \u2013 bez \u00fapravy na po\u017eadovan\u00fa kvalitu.<\/p>\n<p><span style=\"font-size: medium;\">Nov\u00e1 gal\u00e9ria Happy2Travel, ktor\u00e1 obsahuje pravidelne prib\u00fadaj\u00face albumy vo vysokej kvalite, sa nach\u00e1dza na adrese <strong><a title=\"Nov\u00e1 fotogal\u00e9ria\" href=\"http:\/\/happy2travel.eu\/sk\/fotogalerie-video\">novej fotogal\u00e9rie tu<\/a><\/strong>. <\/span><\/p>\n<h2><a title=\"Fotogal\u00e9ria Argent\u00edna\" href=\"http:\/\/happy2travel.eu\/sk\/gallery2\/v\/h2t\/argentina\/\" target=\"_blank\"><img style=\"margin: 3px; vertical-align: middle;\" title=\"Argentina Fotogaleria\" src=\"http:\/\/happy2travel.eu\/sk\/platforma\/argentina.jpg\" alt=\"Argentina Fotogaleria\"><\/a> <a title=\"Fotogal\u00e9ria Argent\u00edna\" href=\"http:\/\/happy2travel.eu\/sk\/gallery2\/v\/h2t\/argentina\/\" target=\"_blank\"><span style=\"color: #33cccc;\">Argent\u00edna<\/span><\/a><\/h2>\n<h4 style=\"text-align: center;\"><a href=\"http:\/\/www.happy2travel.eu\/gallery\/salta.html\" target=\"_blank\">Andsk\u00e1 n\u00e1horn\u00e1 planina (Jujuy)<\/a> \/ <a title=\"Fotogal\u00e9ria Bariloche\" href=\"http:\/\/happy2travel.eu\/sk\/gallery2\/v\/h2t\/argentina\/bariloche\/\" target=\"_blank\">Bariloche a Severn\u00e1 Patag\u00f3nia<\/a> \/ <a title=\"Fotogal\u00e9ria Buenos Aires, Argent\u00edna\" href=\"http:\/\/happy2travel.eu\/sk\/gallery2\/v\/h2t\/argentina\/buenos\/\" target=\"_blank\">Buenos Aires<\/a> \/ <a title=\"Fotogal\u00e9ria Calafate\" href=\"http:\/\/happy2travel.eu\/sk\/gallery2\/v\/h2t\/argentina\/do_tdf\/\" target=\"_blank\">Cesta do Oh\u0148ovej Zeme a Magallanov prieplav &#8211; Patag\u00f3nia<\/a> \/ <a title=\"Fotogal\u00e9ria Patag\u00f3nia\" href=\"http:\/\/happy2travel.eu\/sk\/gallery2\/v\/h2t\/argentina\/pata\/\" target=\"_blank\">Cesta do Patag\u00f3nie<\/a> \/ <a title=\"Fotogal\u00e9ria Calafate\" href=\"http:\/\/happy2travel.eu\/sk\/gallery2\/v\/h2t\/argentina\/calafate\/\" target=\"_blank\">El Calafate a Ju\u017en\u00e9 \u013eadov\u00e9 pole &#8211; Patag\u00f3nia<\/a> \/ <a title=\"Fotogal\u00e9ria \u013eadovec Perito Moreno, Patag\u00f3nia\" href=\"http:\/\/happy2travel.eu\/sk\/gallery2\/v\/h2t\/argentina\/perito_001\/\" target=\"_blank\">\u013dadovec Perito Moreno &#8211; Patag\u00f3nia<\/a> \/ <a title=\"Fotogal\u00e9ria Chalt\u00e9n, Patag\u00f3nia\" href=\"http:\/\/happy2travel.eu\/sk\/gallery2\/v\/h2t\/argentina\/chalten\/\"><span class=\"giTitle\">N\u00e1rodn\u00fd park Los Glaciares a El Chalt\u00e9n &#8211; Patag\u00f3nia<\/span><\/a> \/ Vodop\u00e1dy <a title=\"Vodop\u00e1dy Iguazu - Argent\u00edna\" href=\"http:\/\/happy2travel.eu\/sk\/gallery2\/main.php?g2_itemId=6684\" target=\"_blank\">Iguazu<\/a> \/ <a title=\"Fotogal\u00e9ria Oh\u0148ov\u00e1 Zem\" href=\"http:\/\/happy2travel.eu\/sk\/gallery2\/v\/h2t\/argentina\/tdf\/\" target=\"_blank\">Oh\u0148ov\u00e1 Zem, Patag\u00f3nia<\/a> \/ <a title=\"Salta - Argent\u00edna\" href=\"http:\/\/happy2travel.eu\/sk\/gallery2\/main.php?g2_itemId=6058\" target=\"_blank\">Salta<\/a> \/ <a title=\"Fotogal\u00e9ria Oh\u0148ov\u00e1 Zem, Patag\u00f3nia - tulene a kormor\u00e1ny\" href=\"http:\/\/happy2travel.eu\/sk\/gallery2\/v\/h2t\/argentina\/tulene\/\" target=\"_blank\">Tulene a kormor\u00e1ny &#8211; Oh\u0148ov\u00e1 Zem<\/a><\/h4>\n<p><img loading=\"lazy\" src=\"http:\/\/happy2travel.eu\/sk\/platforma\/ruler_krajiny.jpg\" alt=\"\" width=\"520\" height=\"45\"><\/p>\n<h2><a title=\"Bol\u00edvia Fotogal\u00e9ria\" href=\"http:\/\/happy2travel.eu\/sk\/index.php\/310\/fotogaleria\/bolivia\" target=\"_blank\"><img loading=\"lazy\" style=\"margin: 3px; vertical-align: middle;\" title=\"Bol\u00edvia Fotogaleria\" src=\"http:\/\/happy2travel.eu\/sk\/platforma\/bolivia.jpg\" alt=\"Bol\u00edvia Fotogaleria\" width=\"200\" height=\"71\"><\/a> <a href=\"http:\/\/happy2travel.eu\/sk\/index.php\/310\/fotogaleria\/bolivia\" target=\"_blank\"><span style=\"color: #33cccc;\">Bol\u00edvia<\/span><\/a><\/h2>\n<h4 style=\"text-align: center;\"><a href=\"http:\/\/www.happy2travel.eu\/sk\/gallery2\/main.php?g2_itemId=3298\" target=\"_blank\">Amazonka &#8211; N\u00e1rodn\u00fd Park Noel Kempff Mercado<\/a> \/ Pr\u00edroda <a href=\"http:\/\/www.happy2travel.eu\/sk\/gallery2\/main.php?g2_itemId=3458\" target=\"_blank\">bol\u00edvijskej Amazonky<\/a> \/ <span style=\"color: #808080;\"><a href=\"http:\/\/www.happy2travel.eu\/sk\/gallery2\/main.php?g2_itemId=3052\" target=\"_blank\">Coroico<\/a><\/span> \/ <a href=\"http:\/\/www.happy2travel.eu\/sk\/gallery2\/main.php?g2_itemId=2948\" target=\"_blank\">La Paz<\/a> \/ <a href=\"http:\/\/happy2travel.eu\/sk\/gallery2\/main.php?g2_itemId=2801\" target=\"_blank\">Potos\u00ed<\/a> \/ <a href=\"http:\/\/happy2travel.eu\/sk\/gallery2\/main.php?g2_itemId=1785\" target=\"_blank\">Salar de Uyuni<\/a> &#8211; so\u013en\u00e1 p\u00fa\u0161\u0165 \/ <a href=\"http:\/\/www.happy2travel.eu\/sk\/gallery2\/main.php?g2_itemId=3188\" target=\"_blank\">San Ignacio de Moxos<\/a> &#8211; festival amazonsk\u00fdch kme\u0148ov \/ <a href=\"http:\/\/www.happy2travel.eu\/sk\/gallery2\/main.php?g2_itemId=2900\" target=\"_blank\">Sucre<\/a> \/ <a href=\"http:\/\/www.happy2travel.eu\/sk\/gallery2\/main.php?g2_itemId=2994\" target=\"_blank\">Tarabuco<\/a> &#8211; farebn\u00fd \u013eud Bol\u00edvie \/ Jazero <a href=\"http:\/\/www.happy2travel.eu\/sk\/gallery2\/main.php?g2_itemId=3596\" target=\"_blank\">Titicaca<\/a> \/ <a href=\"http:\/\/happy2travel.eu\/sk\/gallery2\/main.php?g2_itemId=2793\" target=\"_blank\">Uyuni<\/a><\/h4>\n<p><img loading=\"lazy\" src=\"http:\/\/happy2travel.eu\/sk\/platforma\/ruler_krajiny.jpg\" alt=\"\" width=\"520\" height=\"45\"><\/p>\n<h2><a title=\"Braz\u00edlia fotogal\u00e9ria\" href=\"http:\/\/happy2travel.eu\/sk\/fotogaleria-stara\/brazilia\" target=\"_blank\"><img loading=\"lazy\" style=\"margin: 3px; vertical-align: middle;\" title=\"Braz\u00edlia Fotogaleria\" src=\"http:\/\/happy2travel.eu\/sk\/platforma\/brazilia.jpg\" alt=\"Braz\u00edlia Fotogaleria\" width=\"200\" height=\"86\"><\/a> <a href=\"http:\/\/happy2travel.eu\/sk\/fotogaleria-stara\/brazilia\" target=\"_blank\"><span style=\"color: #33cccc;\">Braz\u00edlia<\/span><\/a><\/h2>\n<h4 style=\"text-align: center;\"><a title=\"Braz\u00edlska Amazonka - fotogal\u00e9ria\" href=\"http:\/\/happy2travel.eu\/sk\/gallery2\/main.php?g2_itemId=4325\" target=\"_blank\">Braz\u00edlska Amazonka<\/a> \/ Vodop\u00e1dy <a title=\"Vodop\u00e1dy Iguacu - Fotogal\u00e9ria\" href=\"http:\/\/happy2travel.eu\/sk\/gallery2\/main.php?g2_itemId=4328\" target=\"_blank\">Igua\u00e7u<\/a> \/ <a title=\"Rio de Janeiro fotografie\" href=\"http:\/\/happy2travel.eu\/sk\/rio-mesto-bohov-2\"><span style=\"color: #808080;\">Rio de Janeiro: Mesto bohov<\/span><\/a> \/ <a title=\"Rio de Janeiro slumy - fotogal\u00e9ria\" href=\"http:\/\/happy2travel.eu\/sk\/gallery2\/main.php?g2_itemId=4327\" target=\"_blank\">Rio de Janeiro: Brloh d\u00e9monov (deti a slum)<\/a><\/h4>\n<p><img loading=\"lazy\" src=\"http:\/\/happy2travel.eu\/sk\/platforma\/ruler_krajiny.jpg\" alt=\"\" width=\"520\" height=\"45\"><\/p>\n<h2><a title=\"\u010cile Fotogal\u00e9ria\" href=\"http:\/\/happy2travel.eu\/sk\/index.php\/310\/fotogaleria\/cile\" target=\"_blank\"><img loading=\"lazy\" style=\"margin: 3px; vertical-align: middle;\" title=\"\u010cile Fotogal\u00e9ria\" src=\"http:\/\/happy2travel.eu\/sk\/platforma\/sanpedro.jpg\" alt=\"\u010cile Fotogal\u00e9ria\" width=\"200\" height=\"65\"><\/a> <a title=\"\u010cile Fotogal\u00e9ria\" href=\"http:\/\/happy2travel.eu\/sk\/index.php\/310\/fotogaleria\/cile\" target=\"_blank\"><span style=\"color: #33cccc;\">\u010cile<\/span><\/a><\/h2>\n<h4 style=\"text-align: center;\"><a title=\"Atacama Fotogal\u00e9ria\" href=\"http:\/\/www.happy2travel.eu\/gallery\/pedro.html\" target=\"_blank\">San Pedro de Atacama a severn\u00e9 \u010cile<\/a> \/ <a title=\"Z\u00e1padn\u00e9 patag\u00f3nske pobre\u017eie Fotogal\u00e9ria\" href=\"http:\/\/www.happy2travel.eu\/gallery\/navimag.html\" target=\"_blank\">Z\u00e1padn\u00e9 patag\u00f3nske pobre\u017eie &#8211; plavba Navimag, Patag\u00f3nia<\/a> \/ <span style=\"color: #808080;\"><a title=\"Torres del Paine Fotogal\u00e9ria\" href=\"http:\/\/www.happy2travel.eu\/gallery\/torres.html\" target=\"_blank\">N\u00e1rodn\u00fd Park Torres del Paine &#8211; Patag\u00f3nia<\/a> <\/span><\/h4>\n<p><img loading=\"lazy\" src=\"http:\/\/happy2travel.eu\/sk\/platforma\/ruler_krajiny.jpg\" alt=\"\" width=\"520\" height=\"45\"><\/p>\n<h2><a href=\"http:\/\/happy2travel.eu\/sk\/index.php\/310\/fotogaleria\/ekvador\" target=\"_blank\"><img loading=\"lazy\" style=\"margin: 3px; vertical-align: middle;\" title=\"Ekv\u00e1dor Fotogaleria\" src=\"http:\/\/www.happy2travel.eu\/sk\/platforma\/ekvador.jpg\" alt=\"Ekv\u00e1dor Fotogaleria\" width=\"200\" height=\"64\"><\/a> <a href=\"http:\/\/happy2travel.eu\/sk\/index.php\/310\/fotogaleria\/ekvador\" target=\"_blank\"><span style=\"color: #33cccc;\">Ekv<\/span><\/a><a href=\"http:\/\/happy2travel.eu\/sk\/index.php\/310\/fotogaleria\/ekvador\" target=\"_blank\"><span style=\"color: #33cccc;\">\u00e1dor<\/span><\/a><a name=\"ekvador\"><\/a><\/h2>\n<h4 style=\"text-align: center;\">Vulk\u00e1n <a href=\"http:\/\/happy2travel.eu\/sk\/gallery2\/main.php?g2_itemId=4031\" target=\"_blank\">Chimborazo<\/a> \/ <a href=\"http:\/\/happy2travel.eu\/sk\/gallery2\/main.php?g2_itemId=3942\" target=\"_blank\">Ju\u017en\u00fd Ekv\u00e1dor a mesto Cuenca<\/a> \/ <span style=\"color: #808080;\"><span style=\"color: #000000;\">Hlavn\u00e9 mesto <\/span><a href=\"http:\/\/happy2travel.eu\/sk\/gallery2\/main.php?g2_itemId=4084\" target=\"_blank\">Quito<\/a><span style=\"color: #000000;\"> a okolie<\/span><\/span> \/ \u00datulok pre t\u00fdran\u00e9 zvierat\u00e1 <a href=\"http:\/\/happy2travel.eu\/sk\/gallery2\/main.php?g2_itemId=4113\" target=\"_blank\">Santa Martha, Tambillo<\/a><\/h4>\n<p><img loading=\"lazy\" src=\"http:\/\/happy2travel.eu\/sk\/platforma\/ruler_krajiny.jpg\" alt=\"\" width=\"520\" height=\"45\"><\/p>\n<h2><a title=\"Kambod\u017ea Fotogal\u00e9ria\" href=\"http:\/\/happy2travel.eu\/sk\/index.php\/310\/fotogaleria\/kambodza\" target=\"_blank\"><img loading=\"lazy\" style=\"margin: 3px; vertical-align: middle;\" title=\"Kambod\u017ea Fotogal\u00e9ria\" src=\"http:\/\/happy2travel.eu\/sk\/platforma\/kambodza.jpg\" alt=\"Kambod\u017ea Fotogal\u00e9ria\" width=\"200\" height=\"67\"><\/a> <a title=\"Kambod\u017ea Fotogal\u00e9ria\" href=\"http:\/\/happy2travel.eu\/sk\/index.php\/310\/fotogaleria\/kambodza\" target=\"_blank\"><span style=\"color: #33cccc;\">Kambod\u017ea<\/span><\/a><\/h2>\n<h4 style=\"text-align: center;\"><a title=\"Angkor Wat a z\u00e1padn\u00e1 Kambod\u017ea Fotogal\u00e9ria\" href=\"http:\/\/happy2travel.eu\/sk\/index.php\/wpg2?g2_itemId=6100\" target=\"_blank\">Angkor Wat a z\u00e1padn\u00e1 Kambod\u017ea<\/a> \/ <a title=\"Phnom Penh fotogaleria\" href=\"http:\/\/happy2travel.eu\/sk\/gallery2\/main.php?g2_itemId=6573\" target=\"_blank\">Phnom Penh, hlavn\u00e9 mesto Kambod\u017ee: dedi\u010dstvo genoc\u00eddy<\/a> \/ <span style=\"color: #000000;\">Severov\u00fdchodn\u00e1 Kambod\u017ea <\/span><\/h4>\n<p><img loading=\"lazy\" src=\"http:\/\/happy2travel.eu\/sk\/platforma\/ruler_krajiny.jpg\" alt=\"\" width=\"520\" height=\"45\"><\/p>\n<h2><a title=\"Fotogal\u00e9ria Kolumbia\" href=\"http:\/\/happy2travel.eu\/sk\/index.php\/310\/fotogaleria\/kolumbia\" target=\"_blank\"><img loading=\"lazy\" style=\"margin: 3px; vertical-align: middle;\" title=\"Kolumbia Fotogal\u00e9ria\" src=\"http:\/\/happy2travel.eu\/sk\/platforma\/kolumbia.jpg\" alt=\"Kolumbia Fotogal\u00e9ria\" width=\"200\" height=\"88\"><\/a> <a href=\"http:\/\/happy2travel.eu\/sk\/index.php\/310\/fotogaleria\/kolumbia\" target=\"_blank\"><span style=\"color: #33cccc;\">Kolumbia<\/span><\/a><\/h2>\n<h4 style=\"text-align: center;\"><a title=\"Fotogal\u00e9ria Bogot\u00e1\" href=\"http:\/\/happy2travel.eu\/sk\/gallery2\/main.php?g2_itemId=4925\" target=\"_blank\">Bogot\u00e1<\/a> \/ <a title=\"Fotogal\u00e9ria Cartagena\" href=\"http:\/\/happy2travel.eu\/sk\/gallery2\/main.php?g2_itemId=5185\" target=\"_blank\">Cartagena<\/a> \/ <span style=\"color: #808080;\"><a title=\"Fotogal\u00e9ria kolumbijsk\u00fd Karibik\" href=\"http:\/\/happy2travel.eu\/sk\/gallery2\/main.php?g2_itemId=5153\" target=\"_blank\">Kolumbijsk\u00fd Karibik<\/a><\/span> \/ <a title=\"Fotogal\u00e9ria Medell\u00edn\" href=\"http:\/\/happy2travel.eu\/sk\/gallery2\/main.php?g2_itemId=5025\" target=\"_blank\">Medell\u00edn<\/a> \/ <a title=\"Fotogal\u00e9ria Zona Cafetera\" href=\"http:\/\/happy2travel.eu\/sk\/gallery2\/main.php?g2_itemId=5057\" target=\"_blank\">Zona Cafetera<\/a><\/h4>\n<p><img loading=\"lazy\" src=\"http:\/\/happy2travel.eu\/sk\/platforma\/ruler_krajiny.jpg\" alt=\"\" width=\"520\" height=\"45\"><\/p>\n<h2><a title=\"Fotogal\u00e9ria Kuba\" href=\"http:\/\/happy2travel.eu\/sk\/index.php\/310\/fotogaleria\/kuba\" target=\"_blank\"><img loading=\"lazy\" style=\"margin: 3px; vertical-align: middle;\" title=\"Kuba Fotogal\u00e9ria\" src=\"http:\/\/happy2travel.eu\/sk\/platforma\/kuba.jpg\" alt=\"Kuba Fotogal\u00e9ria\" width=\"200\" height=\"78\"><\/a> <a href=\"http:\/\/happy2travel.eu\/sk\/index.php\/310\/fotogaleria\/kuba\" target=\"_blank\"><span style=\"color: #33cccc;\">Kuba<\/span><\/a><\/h2>\n<h4 style=\"text-align: center;\"><a title=\"Fotogal\u00e9ria Havana\" href=\"http:\/\/happy2travel.eu\/sk\/gallery2\/main.php?g2_itemId=4648\" target=\"_blank\">Havana<\/a> \/ <a title=\"Fotogal\u00e9ria Kuba\" href=\"http:\/\/happy2travel.eu\/sk\/gallery2\/main.php?g2_itemId=4649\" target=\"_blank\">Kr\u00ed\u017eom-kr\u00e1\u017eom po Kube<\/a><\/h4>\n<p><img loading=\"lazy\" src=\"http:\/\/happy2travel.eu\/sk\/platforma\/ruler_krajiny.jpg\" alt=\"\" width=\"520\" height=\"45\"><\/p>\n<h2><a title=\"Malajzia Fotogal\u00e9ria\" href=\"http:\/\/happy2travel.eu\/sk\/index.php\/310\/fotogaleria\/malajzia\" target=\"_blank\"><img loading=\"lazy\" style=\"margin: 3px; vertical-align: middle;\" title=\"Malajzia Fotogal\u00e9ria\" src=\"http:\/\/happy2travel.eu\/sk\/platforma\/malajzia.jpg\" alt=\"Malajzia Fotogal\u00e9ria\" width=\"200\" height=\"67\"><\/a> <a title=\"Malajzia Fotogal\u00e9ria\" href=\"http:\/\/happy2travel.eu\/sk\/index.php\/310\/fotogaleria\/malajzia\" target=\"_blank\"><span style=\"color: #33cccc;\">Malajzia<\/span><\/a><\/h2>\n<h4 style=\"text-align: center;\"><a title=\"Cameron Highlands Fotogal\u00e9ria\" href=\"http:\/\/happy2travel.eu\/sk\/gallery2\/main.php?g2_itemId=5877\" target=\"_blank\">Kameronsk\u00e1 vrchovina &#8211; Cameron Highlands<\/a> \/ <a title=\"Kuala Lumpur Fotogal\u00e9ria\" href=\"http:\/\/happy2travel.eu\/sk\/gallery2\/main.php?g2_itemId=5848\" target=\"_blank\">Kuala Lumpur<\/a> \/ <span style=\"color: #808080;\"><a title=\"Penang - Georgetown\" href=\"http:\/\/happy2travel.eu\/sk\/gallery2\/main.php?g2_itemId=5942\" target=\"_blank\">Penang &#8211; Georgetown<\/a> <\/span><\/h4>\n<p><img loading=\"lazy\" src=\"http:\/\/happy2travel.eu\/sk\/platforma\/ruler_krajiny.jpg\" alt=\"\" width=\"520\" height=\"45\"><\/p>\n<h2><a title=\"Fotogal\u00e9ria Nikaragua a Guatemala\" href=\"http:\/\/happy2travel.eu\/sk\/gallery2\/main.php?g2_itemId=5342\" target=\"_blank\"><img loading=\"lazy\" style=\"margin: 3px; vertical-align: middle;\" title=\"Nikaragua a Guatemala Fotogal\u00e9ria\" src=\"http:\/\/happy2travel.eu\/sk\/platforma\/samerika.jpg\" alt=\"Nikaragua a Guatemala Fotogal\u00e9ria\" width=\"200\" height=\"96\"><\/a> <a href=\"http:\/\/happy2travel.eu\/sk\/gallery2\/main.php?g2_itemId=5342\" target=\"_blank\"><span style=\"color: #33cccc;\">Nikaragua a Guatemala<\/span><\/a><\/h2>\n<p><img loading=\"lazy\" src=\"http:\/\/happy2travel.eu\/sk\/platforma\/ruler_krajiny.jpg\" alt=\"\" width=\"520\" height=\"45\"><\/p>\n<h2><a title=\"Fotogal\u00e9ria Panama\" href=\"http:\/\/happy2travel.eu\/sk\/gallery2\/main.php?g2_itemId=5221\" target=\"_blank\"><img loading=\"lazy\" style=\"margin: 3px; vertical-align: middle;\" title=\"Panama Fotogal\u00e9ria\" src=\"http:\/\/happy2travel.eu\/sk\/platforma\/panama.jpg\" alt=\"Panama Fotogal\u00e9ria\" width=\"200\" height=\"70\"><\/a> <a href=\"http:\/\/happy2travel.eu\/sk\/gallery2\/main.php?g2_itemId=5221\" target=\"_blank\"><span style=\"color: #33cccc;\">Panama<\/span><\/a><\/h2>\n<p><img loading=\"lazy\" src=\"http:\/\/happy2travel.eu\/sk\/platforma\/ruler_krajiny.jpg\" alt=\"\" width=\"520\" height=\"45\"><\/p>\n<h2><a title=\"Fotogal\u00e9ria Peru\" href=\"http:\/\/happy2travel.eu\/sk\/index.php\/310\/fotogaleria\/peru\" target=\"_blank\"><img loading=\"lazy\" style=\"margin: 3px; vertical-align: middle;\" title=\"Peru Fotogal\u00e9ria\" src=\"http:\/\/happy2travel.eu\/sk\/platforma\/peru.jpg\" alt=\"Peru Fotogal\u00e9ria\" width=\"200\" height=\"64\"><\/a> <a href=\"http:\/\/happy2travel.eu\/sk\/index.php\/310\/fotogaleria\/peru\" target=\"_blank\"><span style=\"color: #33cccc;\">Peru<\/span><\/a><\/h2>\n<h4 style=\"text-align: center;\"><a title=\"Fotogal\u00e9ria Arequipa\" href=\"http:\/\/happy2travel.eu\/sk\/gallery2\/main.php?g2_itemId=3721\" target=\"_blank\">Arequipa<\/a> \/ <a title=\"Fotogal\u00e9ria Cuzco\" href=\"http:\/\/happy2travel.eu\/sk\/gallery2\/main.php?g2_itemId=3771\" target=\"_blank\">Cuzco<\/a> \/ <span style=\"color: #808080;\"><a title=\"Fotogal\u00e9ria Lima\" href=\"http:\/\/happy2travel.eu\/sk\/gallery2\/main.php?g2_itemId=4007\" target=\"_blank\">Hlavn\u00e9 mesto Lima a cesta na sever<\/a><\/span> \/ <a title=\"Fotogal\u00e9ria Machu Picchu\" href=\"http:\/\/happy2travel.eu\/sk\/gallery2\/main.php?g2_itemId=3821\" target=\"_blank\">Machu Picchu<\/a> \/ <a title=\"Fotogal\u00e9ria Jazero Titicaca a mesto Puno\" href=\"http:\/\/happy2travel.eu\/sk\/gallery2\/main.php?g2_itemId=3680\" target=\"_blank\">Mesto Puno a jazero Titicaca v Peru<\/a><\/h4>\n<p><img loading=\"lazy\" src=\"http:\/\/happy2travel.eu\/sk\/platforma\/ruler_krajiny.jpg\" alt=\"\" width=\"520\" height=\"45\"><\/p>\n<h2><a title=\"Fotogal\u00e9ria Singapur\" href=\"http:\/\/happy2travel.eu\/sk\/gallery2\/main.php?g2_itemId=5741\" target=\"_blank\"><img loading=\"lazy\" style=\"margin: 3px; vertical-align: middle;\" title=\"Singapur Fotogal\u00e9ria\" src=\"http:\/\/happy2travel.eu\/sk\/platforma\/singapur.jpg\" alt=\"Singapur Fotogal\u00e9ria\" width=\"200\" height=\"67\"><\/a> <a href=\"http:\/\/happy2travel.eu\/sk\/gallery2\/main.php?g2_itemId=5741\" target=\"_blank\"><span style=\"color: #33cccc;\">Singapur<\/span><\/a><\/h2>\n<p><img loading=\"lazy\" src=\"http:\/\/happy2travel.eu\/sk\/platforma\/ruler_krajiny.jpg\" alt=\"\" width=\"520\" height=\"45\"><\/p>\n<h2><a title=\"Fotogal\u00e9ria Thajsko\" href=\"http:\/\/happy2travel.eu\/sk\/index.php\/310\/fotogaleria\/thajsko\" target=\"_blank\"><img loading=\"lazy\" style=\"margin: 3px; vertical-align: middle;\" title=\"Thajsko Fotogal\u00e9ria\" src=\"http:\/\/happy2travel.eu\/sk\/platforma\/thajsko.jpg\" alt=\"Thajsko Fotogal\u00e9ria\" width=\"200\" height=\"67\"><\/a> <a href=\"http:\/\/happy2travel.eu\/sk\/index.php\/310\/fotogaleria\/thajsko\" target=\"_blank\"><span style=\"color: #33cccc;\">Thajsko<\/span><\/a><\/h2>\n<h4 style=\"text-align: center;\"><a title=\"Fotogal\u00e9ria Bangkok\" href=\"http:\/\/happy2travel.eu\/sk\/gallery2\/main.php?g2_itemId=5450\" target=\"_blank\">Bangkok<\/a> \/ <a title=\"Fotogal\u00e9ria Ju\u017en\u00e9 Thajsko\" href=\"http:\/\/happy2travel.eu\/sk\/gallery2\/main.php?g2_itemId=5709\" target=\"_blank\">Ju\u017en\u00e9 Thajsko<\/a><\/h4>\n<p><img loading=\"lazy\" src=\"http:\/\/happy2travel.eu\/sk\/platforma\/ruler_krajiny.jpg\" alt=\"\" width=\"520\" height=\"45\"><\/p>\n<h2><a title=\"Fotogal\u00e9ria Uruguaj\" href=\"http:\/\/happy2travel.eu\/sk\/gallery2\/main.php?g2_itemId=4329\" target=\"_blank\"><img loading=\"lazy\" style=\"margin: 3px; vertical-align: middle;\" title=\"Uruguaj Fotogal\u00e9ria\" src=\"http:\/\/happy2travel.eu\/sk\/platforma\/uruguaj.jpg\" alt=\"Uruguaj Fotogal\u00e9ria\" width=\"200\" height=\"70\"><\/a> <a href=\"http:\/\/happy2travel.eu\/sk\/gallery2\/main.php?g2_itemId=4329\" target=\"_blank\"><span style=\"color: #33cccc;\">Uruguaj<\/span><\/a><\/h2>\n<p><img loading=\"lazy\" src=\"http:\/\/happy2travel.eu\/sk\/platforma\/ruler_krajiny.jpg\" alt=\"\" width=\"520\" height=\"45\"><\/p>\n<h2><a href=\"http:\/\/happy2travel.eu\/sk\/index.php\/310\/fotogaleria\/venezuela\" target=\"_blank\"><img loading=\"lazy\" style=\"margin: 3px; vertical-align: middle;\" title=\"Venezuela Fotogaleria\" src=\"http:\/\/happy2travel.eu\/sk\/platforma\/venezuela.jpg\" alt=\"Venezuela Fotogaleria\" width=\"200\" height=\"61\"><\/a> <a href=\"http:\/\/happy2travel.eu\/sk\/index.php\/310\/fotogaleria\/venezuela\" target=\"_blank\"><span style=\"color: #33cccc;\">Venezuela<\/span><\/a><\/h2>\n<h4 style=\"text-align: center;\"><a title=\"Caracas - fotogal\u00e9ria\" href=\"http:\/\/www.happy2travel.eu\/gallery\/caracas.html\" target=\"_blank\">Caracas<\/a> \/ <a title=\"Ciudad Bol\u00edvar - Fotogal\u00e9ria\" href=\"http:\/\/www.happy2travel.eu\/gallery\/bolivar.html\" target=\"_blank\">Ciudad Bol\u00edvar<\/a> \/ <span style=\"color: #808080;\"><a title=\"El Pauj\u00ed - fotogal\u00e9ria\" href=\"http:\/\/www.happy2travel.eu\/gallery\/pauji.html\" target=\"_blank\">El Pauj\u00ed<\/a><\/span> \/ <a title=\"Rora\u00edma - fotogal\u00e9ria\" href=\"http:\/\/www.happy2travel.eu\/gallery\/roraima.html\" target=\"_blank\">Rora\u00edma<\/a><\/h4>\n<p><img loading=\"lazy\" src=\"http:\/\/happy2travel.eu\/sk\/platforma\/ruler_krajiny.jpg\" alt=\"\" width=\"520\" height=\"45\"><\/p>\n<p style=\"text-align: center;\"><big><big>Obsah tejto str\u00e1nky, v\u0161etky podstr\u00e1nky, albumy a fotografie s\u00fa chr\u00e1nen\u00e9 autorsk\u00fdm pr\u00e1vom.<\/big><\/big><\/p>\n<p style=\"text-align: center;\"><big><big> <\/big>\u00a9 Happy2travel.eu<\/big><\/p>\n<p><img loading=\"lazy\" src=\"http:\/\/happy2travel.eu\/sk\/platforma\/ruler_krajiny.jpg\" alt=\"\" width=\"520\" height=\"55\"><\/p>\n","protected":false},"excerpt":{"rendered":"<p>Toto je p\u00f4vodn\u00e1 verzia fotogal\u00e9rie z cesty okolo sveta Happy2Travel. N\u00e1jdete tu v\u00e4\u010d\u0161inu fotografi\u00ed z na\u0161ej cesty, ale vo verzii \u201etak, ako s\u00fa\u201c \u2013 bez \u00fapravy na po\u017eadovan\u00fa kvalitu. Nov\u00e1 gal\u00e9ria Happy2Travel, ktor\u00e1 obsahuje pravidelne prib\u00fadaj\u00face albumy vo vysokej kvalite, sa nach\u00e1dza na adrese novej fotogal\u00e9rie tu. Argent\u00edna Andsk\u00e1 n\u00e1horn\u00e1 planina (Jujuy) \/ Bariloche a&#8230;<\/p>\n","protected":false},"author":1,"featured_media":0,"parent":0,"menu_order":0,"comment_status":"open","ping_status":"open","template":"","meta":{"ngg_post_thumbnail":0},"_links":{"self":[{"href":"https:\/\/happy2travel.eu\/sk\/wp-json\/wp\/v2\/pages\/370"}],"collection":[{"href":"https:\/\/happy2travel.eu\/sk\/wp-json\/wp\/v2\/pages"}],"about":[{"href":"https:\/\/happy2travel.eu\/sk\/wp-json\/wp\/v2\/types\/page"}],"author":[{"embeddable":true,"href":"https:\/\/happy2travel.eu\/sk\/wp-json\/wp\/v2\/users\/1"}],"replies":[{"embeddable":true,"href":"https:\/\/happy2travel.eu\/sk\/wp-json\/wp\/v2\/comments?post=370"}],"version-history":[{"count":10,"href":"https:\/\/happy2travel.eu\/sk\/wp-json\/wp\/v2\/pages\/370\/revisions"}],"predecessor-version":[{"id":8165,"href":"https:\/\/happy2travel.eu\/sk\/wp-json\/wp\/v2\/pages\/370\/revisions\/8165"}],"wp:attachment":[{"href":"https:\/\/happy2travel.eu\/sk\/wp-json\/wp\/v2\/media?parent=370"}],"curies":[{"name":"wp","href":"https:\/\/api.w.org\/{rel}","templated":true}]}}