{"id":288,"date":"2007-12-13T16:35:12","date_gmt":"2007-12-13T14:35:12","guid":{"rendered":"http:\/\/happy2travel.eu\/sk\/index.php\/stredna-amerika"},"modified":"2019-01-22T21:15:54","modified_gmt":"2019-01-22T19:15:54","slug":"stredna-amerika","status":"publish","type":"page","link":"https:\/\/happy2travel.eu\/sk\/stredna-amerika","title":{"rendered":"Stredn\u00e1 Amerika"},"content":{"rendered":"<p align=\"center\">Albumy fotografi\u00ed z na\u0161ej cesty po Strednej Amerike v obdob\u00ed november 2007<\/p>\n<p><wpg2>5221<\/wpg2><\/p>\n<p><wpg2>5342<\/wpg2><\/p>\n","protected":false},"excerpt":{"rendered":"<p>Albumy fotografi\u00ed z na\u0161ej cesty po Strednej Amerike v obdob\u00ed november 2007 5221 5342<\/p>\n","protected":false},"author":1,"featured_media":0,"parent":0,"menu_order":0,"comment_status":"open","ping_status":"open","template":"","meta":{"ngg_post_thumbnail":0},"_links":{"self":[{"href":"https:\/\/happy2travel.eu\/sk\/wp-json\/wp\/v2\/pages\/288"}],"collection":[{"href":"https:\/\/happy2travel.eu\/sk\/wp-json\/wp\/v2\/pages"}],"about":[{"href":"https:\/\/happy2travel.eu\/sk\/wp-json\/wp\/v2\/types\/page"}],"author":[{"embeddable":true,"href":"https:\/\/happy2travel.eu\/sk\/wp-json\/wp\/v2\/users\/1"}],"replies":[{"embeddable":true,"href":"https:\/\/happy2travel.eu\/sk\/wp-json\/wp\/v2\/comments?post=288"}],"version-history":[{"count":1,"href":"https:\/\/happy2travel.eu\/sk\/wp-json\/wp\/v2\/pages\/288\/revisions"}],"predecessor-version":[{"id":8189,"href":"https:\/\/happy2travel.eu\/sk\/wp-json\/wp\/v2\/pages\/288\/revisions\/8189"}],"wp:attachment":[{"href":"https:\/\/happy2travel.eu\/sk\/wp-json\/wp\/v2\/media?parent=288"}],"curies":[{"name":"wp","href":"https:\/\/api.w.org\/{rel}","templated":true}]}}