{"id":279,"date":"2007-11-19T04:20:37","date_gmt":"2007-11-19T02:20:37","guid":{"rendered":"http:\/\/happy2travel.eu\/sk\/index.php\/kolumbia"},"modified":"2019-01-22T19:50:47","modified_gmt":"2019-01-22T17:50:47","slug":"kolumbia","status":"publish","type":"page","link":"https:\/\/happy2travel.eu\/sk\/fotogaleria-stara\/kolumbia","title":{"rendered":"Kolumbia"},"content":{"rendered":"<p align=\"center\">Albumy fotografi\u00ed z na\u0161ej cesty po Kolumbii v obdob\u00ed okt\u00f3ber &#8211; november 2007<\/p>\n<p><wpg2>4925<\/wpg2><br \/>\n<wpg2>5025<\/wpg2><br \/>\n<wpg2>5057<\/wpg2><br \/>\n<wpg2>5153<\/wpg2><br \/>\n<wpg2>5185<\/wpg2><\/p>\n","protected":false},"excerpt":{"rendered":"<p>Albumy fotografi\u00ed z na\u0161ej cesty po Kolumbii v obdob\u00ed okt\u00f3ber &#8211; november 2007 4925 5025 5057 5153 5185<\/p>\n","protected":false},"author":1,"featured_media":0,"parent":370,"menu_order":0,"comment_status":"open","ping_status":"open","template":"","meta":{"ngg_post_thumbnail":0},"_links":{"self":[{"href":"https:\/\/happy2travel.eu\/sk\/wp-json\/wp\/v2\/pages\/279"}],"collection":[{"href":"https:\/\/happy2travel.eu\/sk\/wp-json\/wp\/v2\/pages"}],"about":[{"href":"https:\/\/happy2travel.eu\/sk\/wp-json\/wp\/v2\/types\/page"}],"author":[{"embeddable":true,"href":"https:\/\/happy2travel.eu\/sk\/wp-json\/wp\/v2\/users\/1"}],"replies":[{"embeddable":true,"href":"https:\/\/happy2travel.eu\/sk\/wp-json\/wp\/v2\/comments?post=279"}],"version-history":[{"count":1,"href":"https:\/\/happy2travel.eu\/sk\/wp-json\/wp\/v2\/pages\/279\/revisions"}],"predecessor-version":[{"id":8173,"href":"https:\/\/happy2travel.eu\/sk\/wp-json\/wp\/v2\/pages\/279\/revisions\/8173"}],"up":[{"embeddable":true,"href":"https:\/\/happy2travel.eu\/sk\/wp-json\/wp\/v2\/pages\/370"}],"wp:attachment":[{"href":"https:\/\/happy2travel.eu\/sk\/wp-json\/wp\/v2\/media?parent=279"}],"curies":[{"name":"wp","href":"https:\/\/api.w.org\/{rel}","templated":true}]}}