{"id":265,"date":"2007-10-15T05:01:15","date_gmt":"2007-10-15T03:01:15","guid":{"rendered":"http:\/\/happy2travel.eu\/sk\/?page_id=265"},"modified":"2019-01-22T19:23:42","modified_gmt":"2019-01-22T17:23:42","slug":"brazilia","status":"publish","type":"page","link":"https:\/\/happy2travel.eu\/sk\/fotogaleria-stara\/brazilia","title":{"rendered":"Braz\u00edlia"},"content":{"rendered":"<div>Albumy fotografi\u00ed z na\u0161ej cesty po Braz\u00edlii v obdob\u00ed apr\u00edl 2007<\/div>\n<div><wpg2>4325<\/wpg2><\/div>\n<div><wpg2>4326<\/wpg2><\/div>\n<div><wpg2>4327<\/wpg2><\/div>\n<div><wpg2>4328<\/wpg2><\/div>\n","protected":false},"excerpt":{"rendered":"<p>Albumy fotografi\u00ed z na\u0161ej cesty po Braz\u00edlii v obdob\u00ed apr\u00edl 2007 4325 4326 4327 4328<\/p>\n","protected":false},"author":1,"featured_media":0,"parent":370,"menu_order":0,"comment_status":"open","ping_status":"open","template":"","meta":{"ngg_post_thumbnail":0},"_links":{"self":[{"href":"https:\/\/happy2travel.eu\/sk\/wp-json\/wp\/v2\/pages\/265"}],"collection":[{"href":"https:\/\/happy2travel.eu\/sk\/wp-json\/wp\/v2\/pages"}],"about":[{"href":"https:\/\/happy2travel.eu\/sk\/wp-json\/wp\/v2\/types\/page"}],"author":[{"embeddable":true,"href":"https:\/\/happy2travel.eu\/sk\/wp-json\/wp\/v2\/users\/1"}],"replies":[{"embeddable":true,"href":"https:\/\/happy2travel.eu\/sk\/wp-json\/wp\/v2\/comments?post=265"}],"version-history":[{"count":1,"href":"https:\/\/happy2travel.eu\/sk\/wp-json\/wp\/v2\/pages\/265\/revisions"}],"predecessor-version":[{"id":8167,"href":"https:\/\/happy2travel.eu\/sk\/wp-json\/wp\/v2\/pages\/265\/revisions\/8167"}],"up":[{"embeddable":true,"href":"https:\/\/happy2travel.eu\/sk\/wp-json\/wp\/v2\/pages\/370"}],"wp:attachment":[{"href":"https:\/\/happy2travel.eu\/sk\/wp-json\/wp\/v2\/media?parent=265"}],"curies":[{"name":"wp","href":"https:\/\/api.w.org\/{rel}","templated":true}]}}