{"id":2562,"date":"2013-10-16T00:49:43","date_gmt":"2013-10-15T22:49:43","guid":{"rendered":"http:\/\/happy2travel.eu\/sk\/?page_id=2562"},"modified":"2019-01-22T19:26:21","modified_gmt":"2019-01-22T17:26:21","slug":"island-fotogaleria","status":"publish","type":"page","link":"https:\/\/happy2travel.eu\/sk\/fotogaleria-stara\/europa-foto\/island-fotogaleria","title":{"rendered":"Island \u2013 fotogal\u00e9ria"},"content":{"rendered":"<p style=\"text-align: center;\">Ticho. Vietor. D\u00e1\u017e\u010f. A potom snehov\u00e1 b\u00farka.<br \/>\nIsland je extr\u00e9mny v ka\u017edom oh\u013eade, na ka\u017edom mieste \u2013 no, mo\u017eno s v\u00fdnimkou ul\u00edc star\u00e9ho Reykjav\u00edku, v ktor\u00e9ho kr\u010dmi\u010dk\u00e1ch na chv\u00ed\u013eu zabudnete, \u017ee ste len p\u00e1r sto kilometrov od pol\u00e1rneho kruhu.<br \/>\nNa\u0161a okru\u017en\u00e1 cesta Islandom trvala sotva tri t\u00fd\u017edne, no od nalodenia na trajekt v d\u00e1nskom Hirsthalls, cez Faersk\u00e9 ostrovy a\u017e po objavovanie zabudnut\u00fdch k\u00fatov \u013eadov\u00e9ho ostrova \u2013 ka\u017ed\u00fd de\u0148 priniesol \u010dosi ohromuj\u00face, \u010do sa v tichu chladn\u00fdch, pr\u00e1zdnych fjordov e\u0161te nedalo pomenova\u0165.<br \/>\nV\u0161etko to v\u0161ak zostalo a p\u00f4sob\u00ed: \u00fazka, nekone\u010dn\u00e1 cesta na\u0161\u00edm autom nalo\u017een\u00fdm proviantom a v\u00fdbavou, vetern\u00e9 noci so snehov\u00fdmi b\u00farkami pod letn\u00fdm stanom. V\u00edchrica, ktor\u00e1 dv\u00edha potok, tak\u017ee te\u010die smerom nahor. \u013dadovce, vulk\u00e1ny. E\u0161te viac ticha a vetra.<\/p>\n<p><div class=\"ngg-pro-album nextgen_pro_list_album\" id=\"displayed_gallery_2563\">\n            <div class='image_container'>\n            <div class='image_link_wrapper'>\n                                <span class=\"gallery_link\">\n                    <a href='https:\/\/happy2travel.eu\/sk\/vychodny-island-skaftafell-vatnajokull'\n                               title='Majest\u00e1tna Norr\u00f8na sa kone\u010dne preplav\u00ed \u00fazkym fjordom posiatym horami a vodop\u00e1dmi a doraz\u00ed do pr\u00edstavu Sey\u00f0isfj\u00f6r\u00f0ur.\r\nPomaly vych\u00e1dzame z jej \u00fatrob: tam vonku vl\u00e1dne chlad, oblaky a strm\u00e9 hory akejsi inej plan\u00e9ty. Island.\r\n\u010ealej n\u00e1s vedie \u00fazka cesta: 300 km na juh, cez \u013eadovcov\u00e9 jazer\u00e1 a pl\u00e1\u017ee s vulkanick\u00fdm pieskom.\r\nA na konci \u010dak\u00e1 v temnot\u00e1ch najv\u00e4\u010d\u0161\u00ed eur\u00f3psky \u013eadovec Vatnaj\u00f6kull so svoj\u00edm snehom a riekami, farebn\u00fdmi \u0161t\u00edtmi a tichom.'><picture>\n\t\n<source srcset='https:\/\/happy2travel.eu\/sk\/platforma\/gallery\/skafta\/thumbs\/thumbs__dsc7616.jpg, https:\/\/happy2travel.eu\/sk\/platforma\/gallery\/skafta\/_dsc7616.jpg 2x' media=''>\n<img class=\"gallery_preview\" title=\"Pr\u00edchod do v\u00fdchodoislandsk\u00e9ho pr\u00edstavu Sey\u00f0isfj\u00f6r\u00f0ur na palube majest\u00e1tnej Norr\u00f8ny\" alt=\"Pr\u00edchod do v\u00fdchodoislandsk\u00e9ho pr\u00edstavu Sey\u00f0isfj\u00f6r\u00f0ur na palube majest\u00e1tnej Norr\u00f8ny\" width=\"270\" height=\"150\" style=\"max-width:270px;max-height:150px\" src=\"https:\/\/happy2travel.eu\/sk\/platforma\/gallery\/skafta\/thumbs\/thumbs__dsc7616.jpg\" srcset=\"https:\/\/happy2travel.eu\/sk\/platforma\/gallery\/skafta\/thumbs\/thumbs__dsc7616.jpg, https:\/\/happy2travel.eu\/sk\/platforma\/gallery\/skafta\/_dsc7616.jpg 2x\"\/>\n<\/picture>                    <\/a>\n                <\/span>\n                <span class=\"caption_link\">\n                    <a href='https:\/\/happy2travel.eu\/sk\/vychodny-island-skaftafell-vatnajokull'\n                               title='Majest\u00e1tna Norr\u00f8na sa kone\u010dne preplav\u00ed \u00fazkym fjordom posiatym horami a vodop\u00e1dmi a doraz\u00ed do pr\u00edstavu Sey\u00f0isfj\u00f6r\u00f0ur.\r\nPomaly vych\u00e1dzame z jej \u00fatrob: tam vonku vl\u00e1dne chlad, oblaky a strm\u00e9 hory akejsi inej plan\u00e9ty. Island.\r\n\u010ealej n\u00e1s vedie \u00fazka cesta: 300 km na juh, cez \u013eadovcov\u00e9 jazer\u00e1 a pl\u00e1\u017ee s vulkanick\u00fdm pieskom.\r\nA na konci \u010dak\u00e1 v temnot\u00e1ch najv\u00e4\u010d\u0161\u00ed eur\u00f3psky \u013eadovec Vatnaj\u00f6kull so svoj\u00edm snehom a riekami, farebn\u00fdmi \u0161t\u00edtmi a tichom.'>V\u00fdchodn\u00fd Island a jeho v\u00fdsos\u0165 Vatnaj\u00f6kull<\/a>\n                <\/span>\n                <div class=\"image_description\">\n                    Majest\u00e1tna Norr\u00f8na sa kone\u010dne preplav\u00ed \u00fazkym fjordom posiatym horami a vodop\u00e1dmi a doraz\u00ed do pr\u00edstavu Sey\u00f0isfj\u00f6r\u00f0ur.<br \/>\r\nPomaly vych\u00e1dzame z jej \u00fatrob: tam vonku vl\u00e1dne chlad, oblaky a strm\u00e9 hory akejsi inej plan\u00e9ty. Island.<br \/>\r\n\u010ealej n\u00e1s vedie \u00fazka cesta: 300 km na juh, cez \u013eadovcov\u00e9 jazer\u00e1 a pl\u00e1\u017ee s vulkanick\u00fdm pieskom.<br \/>\r\nA na konci \u010dak\u00e1 v temnot\u00e1ch najv\u00e4\u010d\u0161\u00ed eur\u00f3psky \u013eadovec Vatnaj\u00f6kull so svoj\u00edm snehom a riekami, farebn\u00fdmi \u0161t\u00edtmi a tichom.                <\/div>\n                <br class=\"clear\"\/>\n            <\/div>\n        <\/div>\n            <div class='image_container'>\n            <div class='image_link_wrapper'>\n                                <span class=\"gallery_link\">\n                    <a href='https:\/\/happy2travel.eu\/sk\/juzny-island-landmannalaugar-porsmork'\n                               title='Ter\u00e9nnym autobusom smerujeme do vn\u00fatrozemia, ledva vidite\u013enou cestou bez asfaltu. Treba prejs\u0165 pr\u00e1zdne vulkanick\u00e9 p\u00fa\u0161te, prebrodi\u0165 nieko\u013eko riek a sme na mieste.\r\nZ\u00e1kladn\u00fd t\u00e1bor stoj\u00ed na malej rovine uprostred nieko\u013ek\u00fdch akt\u00edvnych sopiek a pestrofarebn\u00fdch h\u00f4r. Spolu s \u010fal\u0161\u00edm slovensk\u00fdm p\u00e1rikom si vylo\u017e\u00edme na chrbty ruksaky a vyr\u00e1\u017eame na trojd\u0148ov\u00fa t\u00faru cez vulkanick\u00e9 vn\u00fatrozemie ju\u017en\u00e9ho Islandu, krajinou magmy a \u013eadovcov.\r\nSk\u00fape slnko pomaly mizne za horizontom a zo severu sa bl\u00ed\u017eia \u0165a\u017eiv\u00e9 snehov\u00e9 mra\u010dn\u00e1.'><picture>\n\t\n<source srcset='https:\/\/happy2travel.eu\/sk\/platforma\/gallery\/landma\/thumbs\/thumbs__dsc8119-edit.jpg, https:\/\/happy2travel.eu\/sk\/platforma\/gallery\/landma\/_dsc8119-edit.jpg 2x' media=''>\n<img class=\"gallery_preview\" title=\"Islandsk\u00e9 z\u00e1ti\u0161ie. Postupne vch\u00e1dzame do b\u00farkov\u00fdch mra\u010dien.\" alt=\"Islandsk\u00e9 z\u00e1ti\u0161ie. Postupne vch\u00e1dzame do b\u00farkov\u00fdch mra\u010dien.\" width=\"270\" height=\"150\" style=\"max-width:270px;max-height:150px\" src=\"https:\/\/happy2travel.eu\/sk\/platforma\/gallery\/landma\/thumbs\/thumbs__dsc8119-edit.jpg\" srcset=\"https:\/\/happy2travel.eu\/sk\/platforma\/gallery\/landma\/thumbs\/thumbs__dsc8119-edit.jpg, https:\/\/happy2travel.eu\/sk\/platforma\/gallery\/landma\/_dsc8119-edit.jpg 2x\"\/>\n<\/picture>                    <\/a>\n                <\/span>\n                <span class=\"caption_link\">\n                    <a href='https:\/\/happy2travel.eu\/sk\/juzny-island-landmannalaugar-porsmork'\n                               title='Ter\u00e9nnym autobusom smerujeme do vn\u00fatrozemia, ledva vidite\u013enou cestou bez asfaltu. Treba prejs\u0165 pr\u00e1zdne vulkanick\u00e9 p\u00fa\u0161te, prebrodi\u0165 nieko\u013eko riek a sme na mieste.\r\nZ\u00e1kladn\u00fd t\u00e1bor stoj\u00ed na malej rovine uprostred nieko\u013ek\u00fdch akt\u00edvnych sopiek a pestrofarebn\u00fdch h\u00f4r. Spolu s \u010fal\u0161\u00edm slovensk\u00fdm p\u00e1rikom si vylo\u017e\u00edme na chrbty ruksaky a vyr\u00e1\u017eame na trojd\u0148ov\u00fa t\u00faru cez vulkanick\u00e9 vn\u00fatrozemie ju\u017en\u00e9ho Islandu, krajinou magmy a \u013eadovcov.\r\nSk\u00fape slnko pomaly mizne za horizontom a zo severu sa bl\u00ed\u017eia \u0165a\u017eiv\u00e9 snehov\u00e9 mra\u010dn\u00e1.'>Z Porsmork do Landmannalaugar - islandsk\u00e9 vn\u00fatrozemie<\/a>\n                <\/span>\n                <div class=\"image_description\">\n                    Ter\u00e9nnym autobusom smerujeme do vn\u00fatrozemia, ledva vidite\u013enou cestou bez asfaltu. Treba prejs\u0165 pr\u00e1zdne vulkanick\u00e9 p\u00fa\u0161te, prebrodi\u0165 nieko\u013eko riek a sme na mieste.<br \/>\r\nZ\u00e1kladn\u00fd t\u00e1bor stoj\u00ed na malej rovine uprostred nieko\u013ek\u00fdch akt\u00edvnych sopiek a pestrofarebn\u00fdch h\u00f4r. Spolu s \u010fal\u0161\u00edm slovensk\u00fdm p\u00e1rikom si vylo\u017e\u00edme na chrbty ruksaky a vyr\u00e1\u017eame na trojd\u0148ov\u00fa t\u00faru cez vulkanick\u00e9 vn\u00fatrozemie ju\u017en\u00e9ho Islandu, krajinou magmy a \u013eadovcov.<br \/>\r\nSk\u00fape slnko pomaly mizne za horizontom a zo severu sa bl\u00ed\u017eia \u0165a\u017eiv\u00e9 snehov\u00e9 mra\u010dn\u00e1.                <\/div>\n                <br class=\"clear\"\/>\n            <\/div>\n        <\/div>\n            <div class='image_container'>\n            <div class='image_link_wrapper'>\n                                <span class=\"gallery_link\">\n                    <a href='https:\/\/happy2travel.eu\/sk\/reykjavik-stykkisholmur-zapadny-island'\n                               title='Cesta. Nekone\u010dn\u00e1, \u00fazka, pr\u00e1zdna cesta, ak\u00fa n\u00e1jdete len na Islande.\r\nOp\u00fa\u0161\u0165ame Reykjav\u00edk a vyd\u00e1vame sa okolo ostrova popri z\u00e1padnom pobre\u017e\u00ed. Cestujeme dlh\u00e9 hodiny a sme tu len my a cesta. V\u0161etky aut\u00e1 sa kamsi podeli.\r\nKe\u010f sa slnko sch\u00fdli kdesi na z\u00e1pad, kde v dia\u013eke tu\u0161\u00edme Gr\u00f3nsko, doraz\u00edme do tich\u00e9ho pr\u00edstavn\u00e9ho meste\u010dka Stykkish\u00f3lmur.\r\nP\u00e1r n\u00e1dhern\u00fdch \u0161k\u00e1ndin\u00e1vskych domov stisnut\u00fdch medzi morom a horami je to posledn\u00e9, \u010do n\u00e1m dnes de\u0148 daroval.\r\nE\u0161te jeden poh\u013ead na skalnat\u00e9 ostrov\u010deky, kopec s maj\u00e1kom nad mestom a zap\u00edname svetl\u00e1. Vyr\u00e1\u017eame \u010falej na sever.'><picture>\n\t\n<source srcset='https:\/\/happy2travel.eu\/sk\/platforma\/gallery\/juzny-island\/thumbs\/thumbs_DSC8235-Edit.jpg, https:\/\/happy2travel.eu\/sk\/platforma\/gallery\/juzny-island\/DSC8235-Edit.jpg 2x' media=''>\n<img class=\"gallery_preview\" title=\"Term\u00e1lne pramene Blue Lagoon s\u00fa hlavnou turistickou destin\u00e1ciou Islandu\" alt=\"Term\u00e1lne pramene Blue Lagoon s\u00fa hlavnou turistickou destin\u00e1ciou Islandu\" width=\"495\" height=\"328\" style=\"max-width:495px;max-height:328px\" src=\"https:\/\/happy2travel.eu\/sk\/platforma\/gallery\/juzny-island\/thumbs\/thumbs_DSC8235-Edit.jpg\" srcset=\"https:\/\/happy2travel.eu\/sk\/platforma\/gallery\/juzny-island\/thumbs\/thumbs_DSC8235-Edit.jpg, https:\/\/happy2travel.eu\/sk\/platforma\/gallery\/juzny-island\/DSC8235-Edit.jpg 2x\"\/>\n<\/picture>                    <\/a>\n                <\/span>\n                <span class=\"caption_link\">\n                    <a href='https:\/\/happy2travel.eu\/sk\/reykjavik-stykkisholmur-zapadny-island'\n                               title='Cesta. Nekone\u010dn\u00e1, \u00fazka, pr\u00e1zdna cesta, ak\u00fa n\u00e1jdete len na Islande.\r\nOp\u00fa\u0161\u0165ame Reykjav\u00edk a vyd\u00e1vame sa okolo ostrova popri z\u00e1padnom pobre\u017e\u00ed. Cestujeme dlh\u00e9 hodiny a sme tu len my a cesta. V\u0161etky aut\u00e1 sa kamsi podeli.\r\nKe\u010f sa slnko sch\u00fdli kdesi na z\u00e1pad, kde v dia\u013eke tu\u0161\u00edme Gr\u00f3nsko, doraz\u00edme do tich\u00e9ho pr\u00edstavn\u00e9ho meste\u010dka Stykkish\u00f3lmur.\r\nP\u00e1r n\u00e1dhern\u00fdch \u0161k\u00e1ndin\u00e1vskych domov stisnut\u00fdch medzi morom a horami je to posledn\u00e9, \u010do n\u00e1m dnes de\u0148 daroval.\r\nE\u0161te jeden poh\u013ead na skalnat\u00e9 ostrov\u010deky, kopec s maj\u00e1kom nad mestom a zap\u00edname svetl\u00e1. Vyr\u00e1\u017eame \u010falej na sever.'>Ju\u017en\u00fd a z\u00e1padn\u00fd Island<\/a>\n                <\/span>\n                <div class=\"image_description\">\n                    Cesta. Nekone\u010dn\u00e1, \u00fazka, pr\u00e1zdna cesta, ak\u00fa n\u00e1jdete len na Islande.<br \/>\r\nOp\u00fa\u0161\u0165ame Reykjav\u00edk a vyd\u00e1vame sa okolo ostrova popri z\u00e1padnom pobre\u017e\u00ed. Cestujeme dlh\u00e9 hodiny a sme tu len my a cesta. V\u0161etky aut\u00e1 sa kamsi podeli.<br \/>\r\nKe\u010f sa slnko sch\u00fdli kdesi na z\u00e1pad, kde v dia\u013eke tu\u0161\u00edme Gr\u00f3nsko, doraz\u00edme do tich\u00e9ho pr\u00edstavn\u00e9ho meste\u010dka Stykkish\u00f3lmur.<br \/>\r\nP\u00e1r n\u00e1dhern\u00fdch \u0161k\u00e1ndin\u00e1vskych domov stisnut\u00fdch medzi morom a horami je to posledn\u00e9, \u010do n\u00e1m dnes de\u0148 daroval.<br \/>\r\nE\u0161te jeden poh\u013ead na skalnat\u00e9 ostrov\u010deky, kopec s maj\u00e1kom nad mestom a zap\u00edname svetl\u00e1. Vyr\u00e1\u017eame \u010falej na sever.                <\/div>\n                <br class=\"clear\"\/>\n            <\/div>\n        <\/div>\n            <div class='image_container'>\n            <div class='image_link_wrapper'>\n                                <span class=\"gallery_link\">\n                    <a href='https:\/\/happy2travel.eu\/sk\/fotogaleria-stara\/europa-foto\/island-fotogaleria\/nggallery\/galleries\/severny-island'\n                               title=''><picture>\n\t\n<source srcset='https:\/\/happy2travel.eu\/sk\/platforma\/gallery\/severny-island\/thumbs\/thumbs_DSC8376-Edit.jpg, https:\/\/happy2travel.eu\/sk\/platforma\/gallery\/severny-island\/DSC8376-Edit.jpg 2x' media=''>\n<img class=\"gallery_preview\" title=\"_DSC8376-Edit\" alt=\"_DSC8376-Edit\" width=\"495\" height=\"328\" style=\"max-width:495px;max-height:328px\" src=\"https:\/\/happy2travel.eu\/sk\/platforma\/gallery\/severny-island\/thumbs\/thumbs_DSC8376-Edit.jpg\" srcset=\"https:\/\/happy2travel.eu\/sk\/platforma\/gallery\/severny-island\/thumbs\/thumbs_DSC8376-Edit.jpg, https:\/\/happy2travel.eu\/sk\/platforma\/gallery\/severny-island\/DSC8376-Edit.jpg 2x\"\/>\n<\/picture>                    <\/a>\n                <\/span>\n                <span class=\"caption_link\">\n                    <a href='https:\/\/happy2travel.eu\/sk\/fotogaleria-stara\/europa-foto\/island-fotogaleria\/nggallery\/galleries\/severny-island'\n                               title=''>Severn\u00fd Island<\/a>\n                <\/span>\n                <div class=\"image_description\">\n                                    <\/div>\n                <br class=\"clear\"\/>\n            <\/div>\n        <\/div>\n            <div class='image_container'>\n            <div class='image_link_wrapper'>\n                                <span class=\"gallery_link\">\n                    <a href='https:\/\/happy2travel.eu\/sk\/faerske-ostrovy-severny-atlantik'\n                               title='Na Faersk\u00e9 ostrovy mo\u017eno priletie\u0165, ale treba pripl\u00e1va\u0165: bu\u010fte na palube, ke\u010f sa na Severnom mori za\u010dn\u00fa \u010drta\u0165 prv\u00e9 obrysy pevniny. O chv\u00ed\u013eu u\u017e m\u00ed\u0148ame skalnat\u00e9 ostrov\u010deky a \u00fa\u017einy, ktor\u00e9 vyrastaj\u00fa do strm\u00fdch vrchov priamo z b\u00farliv\u00e9ho brehu.\r\n&lt;\/br&gt;Faersk\u00e9 ostrovy s\u00fa seversk\u00e1 divo\u010dina, ktor\u00fa ob\u00fdvaj\u00fa len maj\u00e1ky, dobytok a h\u0155stka miestnych. Sta\u010d\u00ed prejs\u0165 t\u00fdch nieko\u013eko ul\u00edc hlavn\u00e9ho mesta Torshavn a za\u010d\u00edna sa strm\u00e1, ne\u013e\u00fatostn\u00e1 pustatina so sk\u00fapo porozhadzovan\u00fdmi dedinkami.'><picture>\n\t\n<source srcset='https:\/\/happy2travel.eu\/sk\/platforma\/gallery\/faerske-ostrovy\/thumbs\/thumbs_DSC7537-Edit.jpg, https:\/\/happy2travel.eu\/sk\/platforma\/gallery\/faerske-ostrovy\/DSC7537-Edit.jpg 2x' media=''>\n<img class=\"gallery_preview\" title=\"Prv\u00e9 \u00fatesy Faersk\u00fdch ostrovov\" alt=\"Prv\u00e9 \u00fatesy Faersk\u00fdch ostrovov\" width=\"495\" height=\"328\" style=\"max-width:495px;max-height:328px\" src=\"https:\/\/happy2travel.eu\/sk\/platforma\/gallery\/faerske-ostrovy\/thumbs\/thumbs_DSC7537-Edit.jpg\" srcset=\"https:\/\/happy2travel.eu\/sk\/platforma\/gallery\/faerske-ostrovy\/thumbs\/thumbs_DSC7537-Edit.jpg, https:\/\/happy2travel.eu\/sk\/platforma\/gallery\/faerske-ostrovy\/DSC7537-Edit.jpg 2x\"\/>\n<\/picture>                    <\/a>\n                <\/span>\n                <span class=\"caption_link\">\n                    <a href='https:\/\/happy2travel.eu\/sk\/faerske-ostrovy-severny-atlantik'\n                               title='Na Faersk\u00e9 ostrovy mo\u017eno priletie\u0165, ale treba pripl\u00e1va\u0165: bu\u010fte na palube, ke\u010f sa na Severnom mori za\u010dn\u00fa \u010drta\u0165 prv\u00e9 obrysy pevniny. O chv\u00ed\u013eu u\u017e m\u00ed\u0148ame skalnat\u00e9 ostrov\u010deky a \u00fa\u017einy, ktor\u00e9 vyrastaj\u00fa do strm\u00fdch vrchov priamo z b\u00farliv\u00e9ho brehu.\r\n&lt;\/br&gt;Faersk\u00e9 ostrovy s\u00fa seversk\u00e1 divo\u010dina, ktor\u00fa ob\u00fdvaj\u00fa len maj\u00e1ky, dobytok a h\u0155stka miestnych. Sta\u010d\u00ed prejs\u0165 t\u00fdch nieko\u013eko ul\u00edc hlavn\u00e9ho mesta Torshavn a za\u010d\u00edna sa strm\u00e1, ne\u013e\u00fatostn\u00e1 pustatina so sk\u00fapo porozhadzovan\u00fdmi dedinkami.'>Faersk\u00e9 ostrovy<\/a>\n                <\/span>\n                <div class=\"image_description\">\n                    Na Faersk\u00e9 ostrovy mo\u017eno priletie\u0165, ale treba pripl\u00e1va\u0165: bu\u010fte na palube, ke\u010f sa na Severnom mori za\u010dn\u00fa \u010drta\u0165 prv\u00e9 obrysy pevniny. O chv\u00ed\u013eu u\u017e m\u00ed\u0148ame skalnat\u00e9 ostrov\u010deky a \u00fa\u017einy, ktor\u00e9 vyrastaj\u00fa do strm\u00fdch vrchov priamo z b\u00farliv\u00e9ho brehu.<br \/>\r\n<\/br>Faersk\u00e9 ostrovy s\u00fa seversk\u00e1 divo\u010dina, ktor\u00fa ob\u00fdvaj\u00fa len maj\u00e1ky, dobytok a h\u0155stka miestnych. Sta\u010d\u00ed prejs\u0165 t\u00fdch nieko\u013eko ul\u00edc hlavn\u00e9ho mesta Torshavn a za\u010d\u00edna sa strm\u00e1, ne\u013e\u00fatostn\u00e1 pustatina so sk\u00fapo porozhadzovan\u00fdmi dedinkami.                <\/div>\n                <br class=\"clear\"\/>\n            <\/div>\n        <\/div>\n    <\/div>\n<\/p>\n","protected":false},"excerpt":{"rendered":"<p>Ticho. Vietor. D\u00e1\u017e\u010f. A potom snehov\u00e1 b\u00farka. Island je extr\u00e9mny v ka\u017edom oh\u013eade, na ka\u017edom mieste \u2013 no, mo\u017eno s v\u00fdnimkou ul\u00edc star\u00e9ho Reykjav\u00edku, v ktor\u00e9ho kr\u010dmi\u010dk\u00e1ch na chv\u00ed\u013eu zabudnete, \u017ee ste len p\u00e1r sto kilometrov od pol\u00e1rneho kruhu. Na\u0161a okru\u017en\u00e1 cesta Islandom trvala sotva tri t\u00fd\u017edne, no od nalodenia na trajekt v d\u00e1nskom Hirsthalls,&#8230;<\/p>\n","protected":false},"author":1,"featured_media":4292,"parent":2073,"menu_order":0,"comment_status":"open","ping_status":"open","template":"","meta":{"ngg_post_thumbnail":0},"_links":{"self":[{"href":"https:\/\/happy2travel.eu\/sk\/wp-json\/wp\/v2\/pages\/2562"}],"collection":[{"href":"https:\/\/happy2travel.eu\/sk\/wp-json\/wp\/v2\/pages"}],"about":[{"href":"https:\/\/happy2travel.eu\/sk\/wp-json\/wp\/v2\/types\/page"}],"author":[{"embeddable":true,"href":"https:\/\/happy2travel.eu\/sk\/wp-json\/wp\/v2\/users\/1"}],"replies":[{"embeddable":true,"href":"https:\/\/happy2travel.eu\/sk\/wp-json\/wp\/v2\/comments?post=2562"}],"version-history":[{"count":5,"href":"https:\/\/happy2travel.eu\/sk\/wp-json\/wp\/v2\/pages\/2562\/revisions"}],"predecessor-version":[{"id":8169,"href":"https:\/\/happy2travel.eu\/sk\/wp-json\/wp\/v2\/pages\/2562\/revisions\/8169"}],"up":[{"embeddable":true,"href":"https:\/\/happy2travel.eu\/sk\/wp-json\/wp\/v2\/pages\/2073"}],"wp:featuredmedia":[{"embeddable":true,"href":"https:\/\/happy2travel.eu\/sk\/wp-json\/wp\/v2\/media\/4292"}],"wp:attachment":[{"href":"https:\/\/happy2travel.eu\/sk\/wp-json\/wp\/v2\/media?parent=2562"}],"curies":[{"name":"wp","href":"https:\/\/api.w.org\/{rel}","templated":true}]}}