{"id":256,"date":"2007-10-12T05:43:16","date_gmt":"2007-10-12T03:43:16","guid":{"rendered":"http:\/\/happy2travel.eu\/sk\/?page_id=256"},"modified":"2019-01-22T19:25:02","modified_gmt":"2019-01-22T17:25:02","slug":"ekvador","status":"publish","type":"page","link":"https:\/\/happy2travel.eu\/sk\/fotogaleria-stara\/ekvador","title":{"rendered":"Ekv\u00e1dor"},"content":{"rendered":"<div>Albumy fotografi\u00ed z na\u0161ej cesty po Ekv\u00e1dore v obdob\u00ed september &#8211; okt\u00f3ber 2007<\/div>\n<div><wpg2>3942<\/wpg2><\/div>\n<div><wpg2>4031<\/wpg2><\/div>\n<div><wpg2>4084<\/wpg2><\/div>\n<div><wpg2>4113<\/wpg2><\/div>\n","protected":false},"excerpt":{"rendered":"<p>Albumy fotografi\u00ed z na\u0161ej cesty po Ekv\u00e1dore v obdob\u00ed september &#8211; okt\u00f3ber 2007 3942 4031 4084 4113<\/p>\n","protected":false},"author":1,"featured_media":0,"parent":370,"menu_order":0,"comment_status":"open","ping_status":"open","template":"","meta":{"ngg_post_thumbnail":0},"_links":{"self":[{"href":"https:\/\/happy2travel.eu\/sk\/wp-json\/wp\/v2\/pages\/256"}],"collection":[{"href":"https:\/\/happy2travel.eu\/sk\/wp-json\/wp\/v2\/pages"}],"about":[{"href":"https:\/\/happy2travel.eu\/sk\/wp-json\/wp\/v2\/types\/page"}],"author":[{"embeddable":true,"href":"https:\/\/happy2travel.eu\/sk\/wp-json\/wp\/v2\/users\/1"}],"replies":[{"embeddable":true,"href":"https:\/\/happy2travel.eu\/sk\/wp-json\/wp\/v2\/comments?post=256"}],"version-history":[{"count":1,"href":"https:\/\/happy2travel.eu\/sk\/wp-json\/wp\/v2\/pages\/256\/revisions"}],"predecessor-version":[{"id":8168,"href":"https:\/\/happy2travel.eu\/sk\/wp-json\/wp\/v2\/pages\/256\/revisions\/8168"}],"up":[{"embeddable":true,"href":"https:\/\/happy2travel.eu\/sk\/wp-json\/wp\/v2\/pages\/370"}],"wp:attachment":[{"href":"https:\/\/happy2travel.eu\/sk\/wp-json\/wp\/v2\/media?parent=256"}],"curies":[{"name":"wp","href":"https:\/\/api.w.org\/{rel}","templated":true}]}}