{"id":237,"date":"2007-09-13T22:24:49","date_gmt":"2007-09-13T20:24:49","guid":{"rendered":"http:\/\/happy2travel.eu\/sk\/?page_id=237"},"modified":"2019-01-22T19:54:00","modified_gmt":"2019-01-22T17:54:00","slug":"peru","status":"publish","type":"page","link":"https:\/\/happy2travel.eu\/sk\/fotogaleria-stara\/peru","title":{"rendered":"Peru"},"content":{"rendered":"<p align=\"center\">Albumy fotografi\u00ed z na\u0161ej cesty po Peru v obdob\u00ed august &#8211; september 2007<\/p>\n<p><wpg2id>3680<\/wpg2id><\/p>\n<p><wpg2id>3721<\/wpg2id><\/p>\n<p><wpg2id>3771<\/wpg2id><\/p>\n<div class=\"g2image_normal\"><wpg2id>3821<\/wpg2id><\/div>\n<div class=\"g2image_normal\"><wpg2>4007<\/wpg2><\/div>\n","protected":false},"excerpt":{"rendered":"<p>Albumy fotografi\u00ed z na\u0161ej cesty po Peru v obdob\u00ed august &#8211; september 2007 3680 3721 3771 3821 4007<\/p>\n","protected":false},"author":1,"featured_media":0,"parent":370,"menu_order":0,"comment_status":"open","ping_status":"open","template":"","meta":{"ngg_post_thumbnail":0},"_links":{"self":[{"href":"https:\/\/happy2travel.eu\/sk\/wp-json\/wp\/v2\/pages\/237"}],"collection":[{"href":"https:\/\/happy2travel.eu\/sk\/wp-json\/wp\/v2\/pages"}],"about":[{"href":"https:\/\/happy2travel.eu\/sk\/wp-json\/wp\/v2\/types\/page"}],"author":[{"embeddable":true,"href":"https:\/\/happy2travel.eu\/sk\/wp-json\/wp\/v2\/users\/1"}],"replies":[{"embeddable":true,"href":"https:\/\/happy2travel.eu\/sk\/wp-json\/wp\/v2\/comments?post=237"}],"version-history":[{"count":1,"href":"https:\/\/happy2travel.eu\/sk\/wp-json\/wp\/v2\/pages\/237\/revisions"}],"predecessor-version":[{"id":8177,"href":"https:\/\/happy2travel.eu\/sk\/wp-json\/wp\/v2\/pages\/237\/revisions\/8177"}],"up":[{"embeddable":true,"href":"https:\/\/happy2travel.eu\/sk\/wp-json\/wp\/v2\/pages\/370"}],"wp:attachment":[{"href":"https:\/\/happy2travel.eu\/sk\/wp-json\/wp\/v2\/media?parent=237"}],"curies":[{"name":"wp","href":"https:\/\/api.w.org\/{rel}","templated":true}]}}