{"id":235,"date":"2007-09-02T22:27:20","date_gmt":"2007-09-02T20:27:20","guid":{"rendered":"http:\/\/happy2travel.eu\/sk\/?page_id=235"},"modified":"2008-05-23T09:31:38","modified_gmt":"2008-05-23T07:31:38","slug":"bolivia","status":"publish","type":"page","link":"https:\/\/happy2travel.eu\/sk\/fotogaleria-stara\/bolivia","title":{"rendered":"Bol\u00edvia"},"content":{"rendered":"<div class=\"g2image_normal\">\n<div class=\"g2image_normal\">Albumy fotografi\u00ed z na\u0161ej cesty po Bol\u00edvii v obdob\u00ed j\u00fal &#8211; august 2007<\/div>\n<div class=\"g2image_normal\"><wpg2id>2793<\/wpg2id><\/div>\n<div class=\"g2image_normal\">\n<div class=\"g2image_normal\"><wpg2id>1785<\/wpg2id><\/div>\n<div class=\"g2image_normal\">\n<div class=\"g2image_normal\"><wpg2id>2602<\/wpg2id><\/div>\n<\/div>\n<\/div>\n<div class=\"g2image_normal\">\n<div class=\"g2image_normal\"><wpg2id>2801<\/wpg2id><\/div>\n<div class=\"g2image_normal\">\n<div class=\"g2image_normal\"><wpg2id>2900<\/wpg2id><\/div>\n<div class=\"g2image_normal\">\n<div class=\"g2image_normal\"><wpg2id>2994<\/wpg2id><\/div>\n<\/div>\n<div class=\"g2image_normal\">\n<div class=\"g2image_normal\"><wpg2id>2948<\/wpg2id><\/div>\n<div class=\"g2image_normal\">\n<div class=\"g2image_normal\"><wpg2id>3052<\/wpg2id><\/div>\n<div class=\"g2image_normal\">\n<div class=\"g2image_normal\"><wpg2id>3188<\/wpg2id><\/div>\n<div class=\"g2image_normal\">\n<div class=\"g2image_normal\"><wpg2id>3298<\/wpg2id><\/div>\n<div class=\"g2image_normal\">\n<div class=\"g2image_normal\"><wpg2id>3458<\/wpg2id><\/div>\n<div class=\"g2image_normal\">\n<div class=\"g2image_normal\"><wpg2id>3596<\/wpg2id><\/div>\n<\/div>\n<\/div>\n<\/div>\n<\/div>\n<\/div>\n<\/div>\n<\/div>\n<\/div>\n<div class=\"g2image_normal\">\n<blockquote>\n<blockquote><\/blockquote>\n<\/blockquote>\n<\/div>\n<\/div>\n","protected":false},"excerpt":{"rendered":"<p>Albumy fotografi\u00ed z na\u0161ej cesty po Bol\u00edvii v obdob\u00ed j\u00fal &#8211; august 2007 2793 1785 2602 2801 2900 2994 2948 3052 3188 3298 3458 3596<\/p>\n","protected":false},"author":1,"featured_media":0,"parent":370,"menu_order":0,"comment_status":"open","ping_status":"open","template":"","meta":{"ngg_post_thumbnail":0},"_links":{"self":[{"href":"https:\/\/happy2travel.eu\/sk\/wp-json\/wp\/v2\/pages\/235"}],"collection":[{"href":"https:\/\/happy2travel.eu\/sk\/wp-json\/wp\/v2\/pages"}],"about":[{"href":"https:\/\/happy2travel.eu\/sk\/wp-json\/wp\/v2\/types\/page"}],"author":[{"embeddable":true,"href":"https:\/\/happy2travel.eu\/sk\/wp-json\/wp\/v2\/users\/1"}],"replies":[{"embeddable":true,"href":"https:\/\/happy2travel.eu\/sk\/wp-json\/wp\/v2\/comments?post=235"}],"version-history":[{"count":1,"href":"https:\/\/happy2travel.eu\/sk\/wp-json\/wp\/v2\/pages\/235\/revisions"}],"predecessor-version":[{"id":2636,"href":"https:\/\/happy2travel.eu\/sk\/wp-json\/wp\/v2\/pages\/235\/revisions\/2636"}],"up":[{"embeddable":true,"href":"https:\/\/happy2travel.eu\/sk\/wp-json\/wp\/v2\/pages\/370"}],"wp:attachment":[{"href":"https:\/\/happy2travel.eu\/sk\/wp-json\/wp\/v2\/media?parent=235"}],"curies":[{"name":"wp","href":"https:\/\/api.w.org\/{rel}","templated":true}]}}