{"id":143,"date":"2007-05-05T02:31:53","date_gmt":"2007-05-05T00:31:53","guid":{"rendered":"http:\/\/happy2travel.eu\/sk\/?page_id=143"},"modified":"2019-01-22T21:15:30","modified_gmt":"2019-01-22T19:15:30","slug":"poznamky-k-svetu-za-pohladnicou","status":"publish","type":"page","link":"https:\/\/happy2travel.eu\/sk\/poznamky-k-svetu-za-pohladnicou","title":{"rendered":"Pozn\u00e1mky k svetu za poh\u013eadnicou"},"content":{"rendered":"<p><img src=\"http:\/\/happy2travel.eu\/sk\/wp-content\/uploads\/2007\/05\/poznamky.JPG\" alt=\"poznamky.JPG\"><\/p>\n<p>V tejto sekcii sa nach\u00e1dzaj\u00fa texty, ktor\u00e9 vznikaj\u00fa tak trochu mimo na\u0161ich z\u00e1piskov. Svet pr\u00edli\u0161 \u00fato\u010d\u00ed na na\u0161e zmysly, na predstavy o \u0148om. Nie v\u017edy sa d\u00e1 zachyti\u0165 fotoapar\u00e1tom a \u0161iestimi \u013eahk\u00fdmi vetami, veci v \u0148om s\u00fa prekliate zlo\u017eit\u00e9 a ka\u017ed\u00fd ho vid\u00ed inak. Napriek tomu, odignorova\u0165 minulos\u0165, politiku, soci\u00e1lne vz\u0165ahy a v\u0161etky tie \u010dudn\u00e9 z\u00e1kutia miest, ktor\u00fdmi prech\u00e1dzame, je pr\u00edli\u0161 bolestiv\u00e9.<\/p>\n<p>Tu sa o to pok\u00fa\u0161am vlastn\u00fdm naivn\u00fdm, istotne zaujat\u00fdm sp\u00f4sobom. \u010casto opisujem, m\u00e1lo vysvet\u013eujem: na Ceste niet kni\u017en\u00edc. V\u00fdsledok mo\u017eno nestoj\u00ed za ve\u013ea, no miesta a \u013eud\u00ed, ktor\u00fdch tu n\u00e1jdete, s\u00fa a\u017e pr\u00edli\u0161 skuto\u010dn\u00ed. \u017divot za poh\u013eadnicou, na skuto\u010dn\u00fdch uliciach skuto\u010dn\u00fdch miest, na pl\u00e1\u0148ach a v hor\u00e1ch: to, na \u010do \u010dasto niet miesta vo farebn\u00fdch magaz\u00ednoch s kr\u00e1snymi fotkami a pr\u00edbehmi. Ak som ho len tro\u0161ku pribl\u00ed\u017eil,  m\u00f4\u017eem by\u0165 spokojn\u00fd.<\/p>\n<p><a href=\"http:\/\/www.happy2travel.eu\/sk\/Poznamky%20k%20svetu%20za%20pohladnicou\/Kuba%20dva%20svety%20jednej%20krajiny.pdf\" target=\"_blank\" title=\"Kuba dva svety jednej krajiny\"><span style=\"font-size: 14pt; font-family: 'Microsoft Sans Serif'; color: #8397d7\" lang=\"SK\">Kuba: dva svety jednej krajiny<\/span><\/a><\/p>\n<p><a href=\"http:\/\/www.happy2travel.eu\/sk\/Poznamky%20k%20svetu%20za%20pohladnicou\/Amazonka.pdf\" title=\"Amazonka\"><span style=\"font-size: 14pt; font-family: 'Microsoft Sans Serif'; color: #8397d7\" lang=\"SK\">Z amazonsk\u00fdch z\u00e1\u017eitkov ist\u00e9ho turistu<\/span><\/a><a href=\"http:\/\/www.happy2travel.eu\/sk\/Poznamky%20k%20svetu%20za%20pohladnicou\/Yamana.pdf\" title=\"Ona, Yaman\u00e1\" target=\"_blank\"><\/a><\/p>\n<p><a href=\"http:\/\/www.happy2travel.eu\/sk\/Poznamky%20k%20svetu%20za%20pohladnicou\/Rio%20brloh%20demonov.pdf\" title=\"Rio, brloh d\u00e9monov\" target=\"_blank\"><span style=\"font-size: 14pt; font-family: 'Microsoft Sans Serif'; color: #8397d7\" lang=\"SK\">Rio, brloh d\u00e9monov<\/span><\/a><\/p>\n<p><a href=\"http:\/\/www.happy2travel.eu\/sk\/Poznamky%20k%20svetu%20za%20pohladnicou\/Yamana.pdf\" title=\"Ona, Yaman\u00e1\" target=\"_blank\"><span style=\"font-size: 14pt; font-family: 'Microsoft Sans Serif'; color: #8397d7\" lang=\"SK\">Ona,Yaman\u00e1<\/span><\/a><\/p>\n<p><a href=\"http:\/\/www.happy2travel.eu\/sk\/Poznamky%20k%20svetu%20za%20pohladnicou\/uyuni.pdf\" title=\"Rozv\u00edjaj\u00face sa mesto z\u00e1niku\" target=\"_blank\"><span style=\"font-size: 14pt; font-family: 'Microsoft Sans Serif'; color: #8397d7\" lang=\"SK\">Rozv\u00edjaj\u00face sa mesto z\u00e1niku (Uyuni 2007)<\/span><\/a><\/p>\n<p><a href=\"http:\/\/www.happy2travel.eu\/sk\/Poznamky%20k%20svetu%20za%20pohladnicou\/Kempff.pdf\" target=\"_blank\" title=\"Pre\u010do Noel Kempff?\"><span style=\"font-size: 14pt; font-family: 'Microsoft Sans Serif'; color: #8397d7\" lang=\"SK\">Pre\u010do Noel Kempff?<\/span><\/a><\/p>\n<p><a href=\"http:\/\/www.happy2travel.eu\/sk\/Poznamky%20k%20svetu%20za%20pohladnicou\/chimborazo.pdf\" target=\"_blank\" title=\"Tak bl\u00edzko slnka\"><span style=\"font-size: 14pt; font-family: 'Microsoft Sans Serif'; color: #8397d7\" lang=\"SK\">Tak bl\u00edzko slnka<\/span><\/a><\/p>\n<p><a href=\"http:\/\/www.happy2travel.eu\/sk\/Poznamky%20k%20svetu%20za%20pohladnicou\/colombia.pdf\" target=\"_blank\" title=\"Kolumbia, mier a l\u00e1ska\"><span style=\"font-size: 14pt; font-family: 'Microsoft Sans Serif'; color: #8397d7\" lang=\"SK\">Kolumbia, mier a l\u00e1ska<\/span><\/a><\/p>\n<p><a href=\"http:\/\/www.happy2travel.eu\/sk\/Poznamky%20k%20svetu%20za%20pohladnicou\/sa.pdf\" target=\"_blank\" title=\"No\u010dn\u00fdm vlakom cez Stredn\u00fa Ameriku\"><span style=\"font-size: 14pt; font-family: 'Microsoft Sans Serif'; color: #8397d7\" lang=\"SK\">No\u010dn\u00fdm vlakom cez Stredn\u00fa Ameriku<\/span><\/a><\/p>\n","protected":false},"excerpt":{"rendered":"<p>V tejto sekcii sa nach\u00e1dzaj\u00fa texty, ktor\u00e9 vznikaj\u00fa tak trochu mimo na\u0161ich z\u00e1piskov. Svet pr\u00edli\u0161 \u00fato\u010d\u00ed na na\u0161e zmysly, na predstavy o \u0148om. Nie v\u017edy sa d\u00e1 zachyti\u0165 fotoapar\u00e1tom a \u0161iestimi \u013eahk\u00fdmi vetami, veci v \u0148om s\u00fa prekliate zlo\u017eit\u00e9 a ka\u017ed\u00fd ho vid\u00ed inak. Napriek tomu, odignorova\u0165 minulos\u0165, politiku, soci\u00e1lne vz\u0165ahy a v\u0161etky tie \u010dudn\u00e9&#8230;<\/p>\n","protected":false},"author":1,"featured_media":0,"parent":0,"menu_order":0,"comment_status":"open","ping_status":"open","template":"","meta":{"ngg_post_thumbnail":0},"_links":{"self":[{"href":"https:\/\/happy2travel.eu\/sk\/wp-json\/wp\/v2\/pages\/143"}],"collection":[{"href":"https:\/\/happy2travel.eu\/sk\/wp-json\/wp\/v2\/pages"}],"about":[{"href":"https:\/\/happy2travel.eu\/sk\/wp-json\/wp\/v2\/types\/page"}],"author":[{"embeddable":true,"href":"https:\/\/happy2travel.eu\/sk\/wp-json\/wp\/v2\/users\/1"}],"replies":[{"embeddable":true,"href":"https:\/\/happy2travel.eu\/sk\/wp-json\/wp\/v2\/comments?post=143"}],"version-history":[{"count":1,"href":"https:\/\/happy2travel.eu\/sk\/wp-json\/wp\/v2\/pages\/143\/revisions"}],"predecessor-version":[{"id":8188,"href":"https:\/\/happy2travel.eu\/sk\/wp-json\/wp\/v2\/pages\/143\/revisions\/8188"}],"wp:attachment":[{"href":"https:\/\/happy2travel.eu\/sk\/wp-json\/wp\/v2\/media?parent=143"}],"curies":[{"name":"wp","href":"https:\/\/api.w.org\/{rel}","templated":true}]}}