{"id":1172,"date":"2011-02-26T01:53:51","date_gmt":"2011-02-25T23:53:51","guid":{"rendered":"http:\/\/happy2travel.eu\/sk"},"modified":"2019-01-22T21:09:07","modified_gmt":"2019-01-22T19:09:07","slug":"vychod-cestovanie","status":"publish","type":"page","link":"https:\/\/happy2travel.eu\/sk\/fotogaleria-stara\/polsko-fotogaleria\/vychod-cestovanie","title":{"rendered":"V\u00fdchodn\u00e9 Po\u013esko"},"content":{"rendered":"<p><span style=\"font-size: medium;\">V\u00fdchodn\u00e9 Po\u013esko, to s\u00fa meste\u010dk\u00e1, ktor\u00fdch star\u00e9 ulice sa menia na \u00fazke hrbo\u013eat\u00e9 cesty be\u017eiace \u010falej na v\u00fdchod, na niekdaj\u0161ie ve\u013ek\u00e9 po\u013esk\u00e9 \u00fazemie, ktor\u00e9 siaha hlboko do Ukrajiny, Litvy a Bieloruska. N\u00e1jdeme tu aj probl\u00e9my s region\u00e1lnym rozvojom a nezamestnanos\u0165, ale najm\u00e4 kr\u00e1sne hlbok\u00e9 lesy, jedle a borovice ako za star\u00fdch \u010dias. T\u00e1to \u010das\u0165 krajiny u\u010daruje ka\u017ed\u00e9mu. Sta\u010d\u00ed sa zastavi\u0165 v prastarom \u015bwi\u0119tokrzyskom pohor\u00ed \u2013 na jeho svahoch otla\u010dili svoje \u0165arbav\u00e9 laby dinosaury a mili\u00f3ny rokov pred nimi zrejme aj prv\u00fd suchozemsk\u00fd \u017eivo\u010d\u00edch plan\u00e9ty.<\/span><\/p>\n<p><span style=\"font-size: medium;\">Ak si chcete odd\u00fdchnu\u0165, sadnite si na lavi\u010dku pred dreven\u00fdm kostolom bl\u00edzko ukrajinsk\u00fdch hran\u00edc. Prisadne si dedko, pon\u00fakne v\u00e1s tabakom z vlastn\u00e9ho po\u013ea a siln\u00fdm ukrajinsk\u00fdm pr\u00edzvukom v\u00e1m rozpovie o svojej d\u00e1vnej partiz\u00e1nskej zem\u013eanke v lese za dedinou.<\/span><\/p>\n<ul class=\"ngg-breadcrumbs\">\n    <\/ul>[Not a valid template]\n","protected":false},"excerpt":{"rendered":"<p>V\u00fdchodn\u00e9 Po\u013esko, to s\u00fa meste\u010dk\u00e1, ktor\u00fdch star\u00e9 ulice sa menia na \u00fazke hrbo\u013eat\u00e9 cesty be\u017eiace \u010falej na v\u00fdchod, na niekdaj\u0161ie ve\u013ek\u00e9 po\u013esk\u00e9 \u00fazemie, ktor\u00e9 siaha hlboko do Ukrajiny, Litvy a Bieloruska. N\u00e1jdeme tu aj probl\u00e9my s region\u00e1lnym rozvojom a nezamestnanos\u0165, ale najm\u00e4 kr\u00e1sne hlbok\u00e9 lesy, jedle a borovice ako za star\u00fdch \u010dias. T\u00e1to \u010das\u0165 krajiny&#8230;<\/p>\n","protected":false},"author":1,"featured_media":1173,"parent":903,"menu_order":0,"comment_status":"open","ping_status":"open","template":"","meta":{"ngg_post_thumbnail":0},"_links":{"self":[{"href":"https:\/\/happy2travel.eu\/sk\/wp-json\/wp\/v2\/pages\/1172"}],"collection":[{"href":"https:\/\/happy2travel.eu\/sk\/wp-json\/wp\/v2\/pages"}],"about":[{"href":"https:\/\/happy2travel.eu\/sk\/wp-json\/wp\/v2\/types\/page"}],"author":[{"embeddable":true,"href":"https:\/\/happy2travel.eu\/sk\/wp-json\/wp\/v2\/users\/1"}],"replies":[{"embeddable":true,"href":"https:\/\/happy2travel.eu\/sk\/wp-json\/wp\/v2\/comments?post=1172"}],"version-history":[{"count":5,"href":"https:\/\/happy2travel.eu\/sk\/wp-json\/wp\/v2\/pages\/1172\/revisions"}],"predecessor-version":[{"id":2778,"href":"https:\/\/happy2travel.eu\/sk\/wp-json\/wp\/v2\/pages\/1172\/revisions\/2778"}],"up":[{"embeddable":true,"href":"https:\/\/happy2travel.eu\/sk\/wp-json\/wp\/v2\/pages\/903"}],"wp:featuredmedia":[{"embeddable":true,"href":"https:\/\/happy2travel.eu\/sk\/wp-json\/wp\/v2\/media\/1173"}],"wp:attachment":[{"href":"https:\/\/happy2travel.eu\/sk\/wp-json\/wp\/v2\/media?parent=1172"}],"curies":[{"name":"wp","href":"https:\/\/api.w.org\/{rel}","templated":true}]}}