{"id":1058,"date":"2011-01-08T19:12:10","date_gmt":"2011-01-08T17:12:10","guid":{"rendered":"http:\/\/happy2travel.eu\/sk"},"modified":"2011-03-20T16:24:28","modified_gmt":"2011-03-20T14:24:28","slug":"fotogalerie-video","status":"publish","type":"page","link":"https:\/\/happy2travel.eu\/sk\/fotogalerie-video","title":{"rendered":"Fotogal\u00e9rie a video"},"content":{"rendered":"<h2><a title=\"Po\u013esko fotogal\u00e9rie\" href=\"http:\/\/happy2travel.eu\/sk\/fotogaleria\/polsko-fotogaleria\">Po\u013esko \u2013 farby a sny jednej krajiny<\/a><\/h2>\n<ul class=\"ngg-breadcrumbs\">\n    <\/ul>\n<div class=\"ngg-albumoverview\">\n\n\t<!-- List of galleries -->\n\t\n\t<div class=\"ngg-album-compact\">\n\t\t<div class=\"ngg-album-compactbox\">\n\t\t\t<div class=\"ngg-album-link\">\n                                    <a class=\"Link\" href=\"https:\/\/happy2travel.eu\/sk\/kocovni-romovia-polsko-vroclav\">\n                        <img class=\"Thumb\"\n                             alt=\"\u017divot r\u00f3mskych ko\u010dovn\u00edkov vo Vroclave\"\n                             src=\"https:\/\/happy2travel.eu\/sk\/platforma\/gallery\/zivot-romskych-kocovnikov-v-polsku\/cache\/DSC0567.jpg-nggid041058-ngg0dyn-240x160x100-00f0w010c011r110f110r010t010.jpg\"\/>\n                    <\/a>\n                \t\t\t<\/div>\n\t\t<\/div>\n                <h4>\n            <a class=\"ngg-album-desc\"\n               title=\"\u017divot r\u00f3mskych ko\u010dovn\u00edkov vo Vroclave\"\n               href=\"https:\/\/happy2travel.eu\/sk\/kocovni-romovia-polsko-vroclav\"\n               style=\"max-width: 260px\">\n                \u017divot r\u00f3mskych ko\u010dovn\u00edkov vo Vroclave            <\/a>\n        <\/h4>\n\t\t<p class=\"ngg-album-gallery-image-counter\">\n\t\t\t\t\t\t\t<strong>16<\/strong>&nbsp;Fotografie\t\t\t\t\t<\/p>\n\t<\/div>\n\n \t\n\t<div class=\"ngg-album-compact\">\n\t\t<div class=\"ngg-album-compactbox\">\n\t\t\t<div class=\"ngg-album-link\">\n                                    <a class=\"Link\" href=\"https:\/\/happy2travel.eu\/sk\/fotogaleria-stara\/polsko-fotogaleria\/foto-varsava\">\n                        <img class=\"Thumb\"\n                             alt=\"Moja Var\u0161ava\"\n                             src=\"https:\/\/happy2travel.eu\/sk\/platforma\/gallery\/srodmiescie-stare\/cache\/PA220283.jpg-nggid03936-ngg0dyn-240x160x100-00f0w010c011r110f110r010t010.jpg\"\/>\n                    <\/a>\n                \t\t\t<\/div>\n\t\t<\/div>\n                <h4>\n            <a class=\"ngg-album-desc\"\n               title=\"Moja Var\u0161ava\"\n               href=\"https:\/\/happy2travel.eu\/sk\/fotogaleria-stara\/polsko-fotogaleria\/foto-varsava\"\n               style=\"max-width: 260px\">\n                Moja Var\u0161ava            <\/a>\n        <\/h4>\n\t\t<p class=\"ngg-album-gallery-image-counter\">\n\t\t\t\t\t\t\t&nbsp;\n\t\t\t\t\t<\/p>\n\t<\/div>\n\n \t\n\t<div class=\"ngg-album-compact\">\n\t\t<div class=\"ngg-album-compactbox\">\n\t\t\t<div class=\"ngg-album-link\">\n                                    <a class=\"Link\" href=\"https:\/\/happy2travel.eu\/sk\/fotogalerie-video\/nggallery\/polsko\/varsava-dnom-i-nocou-%e2%80%93-momentky\">\n                        <img class=\"Thumb\"\n                             alt=\"Var\u0161ava d\u0148om i nocou \u2013 momentky\"\n                             src=\"https:\/\/happy2travel.eu\/sk\/platforma\/gallery\/srodmiescie-stare\/cache\/P5020035.jpg-nggid03215-ngg0dyn-240x160x100-00f0w010c011r110f110r010t010.jpg\"\/>\n                    <\/a>\n                \t\t\t<\/div>\n\t\t<\/div>\n                <h4>\n            <a class=\"ngg-album-desc\"\n               title=\"Var\u0161ava d\u0148om i nocou \u2013 momentky\"\n               href=\"https:\/\/happy2travel.eu\/sk\/fotogalerie-video\/nggallery\/polsko\/varsava-dnom-i-nocou-%e2%80%93-momentky\"\n               style=\"max-width: 260px\">\n                Var\u0161ava d\u0148om i nocou \u2013 momentky            <\/a>\n        <\/h4>\n\t\t<p class=\"ngg-album-gallery-image-counter\">\n\t\t\t\t\t\t\t<strong>20<\/strong>&nbsp;Fotografie\t\t\t\t\t<\/p>\n\t<\/div>\n\n \t\n\t<div class=\"ngg-album-compact\">\n\t\t<div class=\"ngg-album-compactbox\">\n\t\t\t<div class=\"ngg-album-link\">\n                                    <a class=\"Link\" href=\"https:\/\/happy2travel.eu\/sk\/fotogalerie-video\/nggallery\/polsko\/zimne-dni-varsavske\">\n                        <img class=\"Thumb\"\n                             alt=\"Zimn\u00e9 dni var\u0161avsk\u00e9\"\n                             src=\"https:\/\/happy2travel.eu\/sk\/platforma\/gallery\/januar_2011\/cache\/dsc0636-edit.jpg-nggid03290-ngg0dyn-240x160x100-00f0w010c011r110f110r010t010.jpg\"\/>\n                    <\/a>\n                \t\t\t<\/div>\n\t\t<\/div>\n                <h4>\n            <a class=\"ngg-album-desc\"\n               title=\"Zimn\u00e9 dni var\u0161avsk\u00e9\"\n               href=\"https:\/\/happy2travel.eu\/sk\/fotogalerie-video\/nggallery\/polsko\/zimne-dni-varsavske\"\n               style=\"max-width: 260px\">\n                Zimn\u00e9 dni var\u0161avsk\u00e9            <\/a>\n        <\/h4>\n\t\t<p class=\"ngg-album-gallery-image-counter\">\n\t\t\t\t\t\t\t<strong>9<\/strong>&nbsp;Fotografie\t\t\t\t\t<\/p>\n\t<\/div>\n\n \t\n\t<div class=\"ngg-album-compact\">\n\t\t<div class=\"ngg-album-compactbox\">\n\t\t\t<div class=\"ngg-album-link\">\n                                    <a class=\"Link\" href=\"https:\/\/happy2travel.eu\/sk\/fotogalerie-video\/nggallery\/polsko\/po-smolenskej-nehode-v-uliciach-varsavy\">\n                        <img class=\"Thumb\"\n                             alt=\"Po smolenskej nehode: v uliciach Var\u0161avy\"\n                             src=\"https:\/\/happy2travel.eu\/sk\/platforma\/gallery\/smolensk\/cache\/P4100287.jpg-nggid03439-ngg0dyn-240x160x100-00f0w010c011r110f110r010t010.jpg\"\/>\n                    <\/a>\n                \t\t\t<\/div>\n\t\t<\/div>\n                <h4>\n            <a class=\"ngg-album-desc\"\n               title=\"Po smolenskej nehode: v uliciach Var\u0161avy\"\n               href=\"https:\/\/happy2travel.eu\/sk\/fotogalerie-video\/nggallery\/polsko\/po-smolenskej-nehode-v-uliciach-varsavy\"\n               style=\"max-width: 260px\">\n                Po smolenskej nehode: v uliciach Var\u0161avy            <\/a>\n        <\/h4>\n\t\t<p class=\"ngg-album-gallery-image-counter\">\n\t\t\t\t\t\t\t<strong>12<\/strong>&nbsp;Fotografie\t\t\t\t\t<\/p>\n\t<\/div>\n\n \t\n\t<div class=\"ngg-album-compact\">\n\t\t<div class=\"ngg-album-compactbox\">\n\t\t\t<div class=\"ngg-album-link\">\n                                    <a class=\"Link\" href=\"https:\/\/happy2travel.eu\/sk\/fotogaleria-stara\/polsko-fotogaleria\/vychod-cestovanie\">\n                        <img class=\"Thumb\"\n                             alt=\"V\u00fdchodn\u00e9 Po\u013esko\"\n                             src=\"https:\/\/happy2travel.eu\/sk\/platforma\/gallery\/ostrowiec-gory-sw\/cache\/p4173153.jpg-nggid03316-ngg0dyn-240x160x100-00f0w010c011r110f110r010t010.jpg\"\/>\n                    <\/a>\n                \t\t\t<\/div>\n\t\t<\/div>\n                <h4>\n            <a class=\"ngg-album-desc\"\n               title=\"V\u00fdchodn\u00e9 Po\u013esko\"\n               href=\"https:\/\/happy2travel.eu\/sk\/fotogaleria-stara\/polsko-fotogaleria\/vychod-cestovanie\"\n               style=\"max-width: 260px\">\n                V\u00fdchodn\u00e9 Po\u013esko            <\/a>\n        <\/h4>\n\t\t<p class=\"ngg-album-gallery-image-counter\">\n\t\t\t\t\t\t\t&nbsp;\n\t\t\t\t\t<\/p>\n\t<\/div>\n\n \t\n\t<div class=\"ngg-album-compact\">\n\t\t<div class=\"ngg-album-compactbox\">\n\t\t\t<div class=\"ngg-album-link\">\n                                    <a class=\"Link\" href=\"https:\/\/happy2travel.eu\/sk\/fotogalerie-video\/nggallery\/polsko\/pohorie-gory-swietokrzyskie\">\n                        <img class=\"Thumb\"\n                             alt=\"Pohorie G\u00f3ry \u015awi\u0119tokrzyskie\"\n                             src=\"https:\/\/happy2travel.eu\/sk\/platforma\/gallery\/ostrowiec-gory-sw\/cache\/p4173153.jpg-nggid03316-ngg0dyn-240x160x100-00f0w010c011r110f110r010t010.jpg\"\/>\n                    <\/a>\n                \t\t\t<\/div>\n\t\t<\/div>\n                <h4>\n            <a class=\"ngg-album-desc\"\n               title=\"Pohorie G\u00f3ry \u015awi\u0119tokrzyskie\"\n               href=\"https:\/\/happy2travel.eu\/sk\/fotogalerie-video\/nggallery\/polsko\/pohorie-gory-swietokrzyskie\"\n               style=\"max-width: 260px\">\n                Pohorie G\u00f3ry \u015awi\u0119tokrzyskie            <\/a>\n        <\/h4>\n\t\t<p class=\"ngg-album-gallery-image-counter\">\n\t\t\t\t\t\t\t<strong>19<\/strong>&nbsp;Fotografie\t\t\t\t\t<\/p>\n\t<\/div>\n\n \t\n\t<div class=\"ngg-album-compact\">\n\t\t<div class=\"ngg-album-compactbox\">\n\t\t\t<div class=\"ngg-album-link\">\n                                    <a class=\"Link\" href=\"https:\/\/happy2travel.eu\/sk\/fotogalerie-video\/nggallery\/polsko\/prazdne-mesto-ostrowiec-swietokrzyski\">\n                        <img class=\"Thumb\"\n                             alt=\"Pr\u00e1zdne mesto Ostrowiec \u015awi\u0119tokrzyski\"\n                             src=\"https:\/\/happy2travel.eu\/sk\/platforma\/gallery\/ostrowiec-sw\/cache\/dsc0658-edit-edit-edit.jpg-nggid03336-ngg0dyn-240x160x100-00f0w010c011r110f110r010t010.jpg\"\/>\n                    <\/a>\n                \t\t\t<\/div>\n\t\t<\/div>\n                <h4>\n            <a class=\"ngg-album-desc\"\n               title=\"Pr\u00e1zdne mesto Ostrowiec \u015awi\u0119tokrzyski\"\n               href=\"https:\/\/happy2travel.eu\/sk\/fotogalerie-video\/nggallery\/polsko\/prazdne-mesto-ostrowiec-swietokrzyski\"\n               style=\"max-width: 260px\">\n                Pr\u00e1zdne mesto Ostrowiec \u015awi\u0119tokrzyski            <\/a>\n        <\/h4>\n\t\t<p class=\"ngg-album-gallery-image-counter\">\n\t\t\t\t\t\t\t<strong>15<\/strong>&nbsp;Fotografie\t\t\t\t\t<\/p>\n\t<\/div>\n\n \t\n\t<div class=\"ngg-album-compact\">\n\t\t<div class=\"ngg-album-compactbox\">\n\t\t\t<div class=\"ngg-album-link\">\n                                    <a class=\"Link\" href=\"https:\/\/happy2travel.eu\/sk\/polsko-lublin-lubelskie-fotky\">\n                        <img class=\"Thumb\"\n                             alt=\"Lublin a lubelsk\u00e9 vojvodstvo\"\n                             src=\"https:\/\/happy2travel.eu\/sk\/platforma\/gallery\/lublin\/cache\/dsc0992-edit-edit.jpg-nggid03384-ngg0dyn-240x160x100-00f0w010c011r110f110r010t010.jpg\"\/>\n                    <\/a>\n                \t\t\t<\/div>\n\t\t<\/div>\n                <h4>\n            <a class=\"ngg-album-desc\"\n               title=\"Lublin a lubelsk\u00e9 vojvodstvo\"\n               href=\"https:\/\/happy2travel.eu\/sk\/polsko-lublin-lubelskie-fotky\"\n               style=\"max-width: 260px\">\n                Lublin a lubelsk\u00e9 vojvodstvo            <\/a>\n        <\/h4>\n\t\t<p class=\"ngg-album-gallery-image-counter\">\n\t\t\t\t\t\t\t<strong>15<\/strong>&nbsp;Fotografie\t\t\t\t\t<\/p>\n\t<\/div>\n\n \t\n\t<!-- Pagination -->\n    <br class=\"ngg-clear\"\/>\n \t<div class='ngg-clear'><\/div><\/div>\n\n\n<h2>Fotogal\u00e9rie Happy2Travel<\/h2>\n<h3><a title=\"Nov\u00e1 fotogal\u00e9ria Happy2Travel\" href=\"http:\/\/happy2travel.eu\/sk\/fotogaleria\/cesta-okolo-sveta-fotky\">Nov\u00e1 fotogal\u00e9ria Happy2Travel<\/a><\/h3>\n<p>(fotografie vo vysokej kvalite, vo v\u00fdstavbe)<\/p>\n<ul class=\"ngg-breadcrumbs\">\n    <\/ul>\n<div class=\"ngg-albumoverview\">\n\n\t<!-- List of galleries -->\n\t\n\t<div class=\"ngg-album-compact\">\n\t\t<div class=\"ngg-album-compactbox\">\n\t\t\t<div class=\"ngg-album-link\">\n                                    <a class=\"Link\" href=\"https:\/\/happy2travel.eu\/sk\/fotogaleria-stara\/cesta-okolo-sveta-fotky\/brazilia-obrazky\">\n                        <img class=\"Thumb\"\n                             alt=\"Braz\u00edlia\"\n                             src=\"https:\/\/happy2travel.eu\/sk\/platforma\/gallery\/rio-bohovia\/cache\/P4172506.jpg-nggid03235-ngg0dyn-240x160x100-00f0w010c011r110f110r010t010.jpg\"\/>\n                    <\/a>\n                \t\t\t<\/div>\n\t\t<\/div>\n                <h4>\n            <a class=\"ngg-album-desc\"\n               title=\"Braz\u00edlia\"\n               href=\"https:\/\/happy2travel.eu\/sk\/fotogaleria-stara\/cesta-okolo-sveta-fotky\/brazilia-obrazky\"\n               style=\"max-width: 260px\">\n                Braz\u00edlia            <\/a>\n        <\/h4>\n\t\t<p class=\"ngg-album-gallery-image-counter\">\n\t\t\t\t\t\t\t&nbsp;\n\t\t\t\t\t<\/p>\n\t<\/div>\n\n \t\n\t<div class=\"ngg-album-compact\">\n\t\t<div class=\"ngg-album-compactbox\">\n\t\t\t<div class=\"ngg-album-link\">\n                                    <a class=\"Link\" href=\"https:\/\/happy2travel.eu\/sk\/fotogaleria-stara\/cesta-okolo-sveta-fotky\/cina-cestovanie-fotografie\">\n                        <img class=\"Thumb\"\n                             alt=\"\u010c\u00edna\"\n                             src=\"https:\/\/happy2travel.eu\/sk\/platforma\/gallery\/hong-kong\/cache\/p1172377.jpg-nggid0285-ngg0dyn-240x160x100-00f0w010c011r110f110r010t010.jpg\"\/>\n                    <\/a>\n                \t\t\t<\/div>\n\t\t<\/div>\n                <h4>\n            <a class=\"ngg-album-desc\"\n               title=\"\u010c\u00edna\"\n               href=\"https:\/\/happy2travel.eu\/sk\/fotogaleria-stara\/cesta-okolo-sveta-fotky\/cina-cestovanie-fotografie\"\n               style=\"max-width: 260px\">\n                \u010c\u00edna            <\/a>\n        <\/h4>\n\t\t<p class=\"ngg-album-gallery-image-counter\">\n\t\t\t\t\t\t\t&nbsp;\n\t\t\t\t\t<\/p>\n\t<\/div>\n\n \t\n\t<div class=\"ngg-album-compact\">\n\t\t<div class=\"ngg-album-compactbox\">\n\t\t\t<div class=\"ngg-album-link\">\n                                    <a class=\"Link\" href=\"https:\/\/happy2travel.eu\/sk\/fotogaleria-stara\/cesta-okolo-sveta-fotky\/kambodza-cestovanie-fotografie\">\n                        <img class=\"Thumb\"\n                             alt=\"Kambod\u017ea\"\n                             src=\"https:\/\/happy2travel.eu\/sk\/platforma\/gallery\/severna_kambodza\/cache\/P1021678.jpg-nggid03183-ngg0dyn-240x160x100-00f0w010c011r110f110r010t010.jpg\"\/>\n                    <\/a>\n                \t\t\t<\/div>\n\t\t<\/div>\n                <h4>\n            <a class=\"ngg-album-desc\"\n               title=\"Kambod\u017ea\"\n               href=\"https:\/\/happy2travel.eu\/sk\/fotogaleria-stara\/cesta-okolo-sveta-fotky\/kambodza-cestovanie-fotografie\"\n               style=\"max-width: 260px\">\n                Kambod\u017ea            <\/a>\n        <\/h4>\n\t\t<p class=\"ngg-album-gallery-image-counter\">\n\t\t\t\t\t\t\t&nbsp;\n\t\t\t\t\t<\/p>\n\t<\/div>\n\n \t\n\t<div class=\"ngg-album-compact\">\n\t\t<div class=\"ngg-album-compactbox\">\n\t\t\t<div class=\"ngg-album-link\">\n                                    <a class=\"Link\" href=\"https:\/\/happy2travel.eu\/sk\/fotogaleria-stara\/cesta-okolo-sveta-fotky\/venezuela-caracas-roraima-ciudad-bolivar\">\n                        <img class=\"Thumb\"\n                             alt=\"Venezuela\"\n                             src=\"https:\/\/happy2travel.eu\/sk\/platforma\/gallery\/roraima\/cache\/venezuela-roraima-3.jpg-nggid03581-ngg0dyn-240x160x100-00f0w010c011r110f110r010t010.jpg\"\/>\n                    <\/a>\n                \t\t\t<\/div>\n\t\t<\/div>\n                <h4>\n            <a class=\"ngg-album-desc\"\n               title=\"Venezuela\"\n               href=\"https:\/\/happy2travel.eu\/sk\/fotogaleria-stara\/cesta-okolo-sveta-fotky\/venezuela-caracas-roraima-ciudad-bolivar\"\n               style=\"max-width: 260px\">\n                Venezuela            <\/a>\n        <\/h4>\n\t\t<p class=\"ngg-album-gallery-image-counter\">\n\t\t\t\t\t\t\t&nbsp;\n\t\t\t\t\t<\/p>\n\t<\/div>\n\n \t\n\t<div class=\"ngg-album-compact\">\n\t\t<div class=\"ngg-album-compactbox\">\n\t\t\t<div class=\"ngg-album-link\">\n                                    <a class=\"Link\" href=\"https:\/\/happy2travel.eu\/sk\/fotogaleria-stara\/cesta-okolo-sveta-fotky\/cile-atacama-patagonia\">\n                        <img class=\"Thumb\"\n                             alt=\"\u010cile\"\n                             src=\"https:\/\/happy2travel.eu\/sk\/platforma\/gallery\/torres\/cache\/P5285686-Edit.jpg-nggid03466-ngg0dyn-240x160x100-00f0w010c011r110f110r010t010.jpg\"\/>\n                    <\/a>\n                \t\t\t<\/div>\n\t\t<\/div>\n                <h4>\n            <a class=\"ngg-album-desc\"\n               title=\"\u010cile\"\n               href=\"https:\/\/happy2travel.eu\/sk\/fotogaleria-stara\/cesta-okolo-sveta-fotky\/cile-atacama-patagonia\"\n               style=\"max-width: 260px\">\n                \u010cile            <\/a>\n        <\/h4>\n\t\t<p class=\"ngg-album-gallery-image-counter\">\n\t\t\t\t\t\t\t&nbsp;\n\t\t\t\t\t<\/p>\n\t<\/div>\n\n \t\n\t<div class=\"ngg-album-compact\">\n\t\t<div class=\"ngg-album-compactbox\">\n\t\t\t<div class=\"ngg-album-link\">\n                                    <a class=\"Link\" href=\"https:\/\/happy2travel.eu\/sk\/fotogaleria-stara\/cesta-okolo-sveta-fotky\/argentina-iguazu-buenos-aires-patagonia\">\n                        <img class=\"Thumb\"\n                             alt=\"Argent\u00edna\"\n                             src=\"https:\/\/happy2travel.eu\/sk\/platforma\/gallery\/igua\/cache\/P4263218.JPG-nggid03376-ngg0dyn-240x160x100-00f0w010c011r110f110r010t010.JPG\"\/>\n                    <\/a>\n                \t\t\t<\/div>\n\t\t<\/div>\n                <h4>\n            <a class=\"ngg-album-desc\"\n               title=\"Argent\u00edna\"\n               href=\"https:\/\/happy2travel.eu\/sk\/fotogaleria-stara\/cesta-okolo-sveta-fotky\/argentina-iguazu-buenos-aires-patagonia\"\n               style=\"max-width: 260px\">\n                Argent\u00edna            <\/a>\n        <\/h4>\n\t\t<p class=\"ngg-album-gallery-image-counter\">\n\t\t\t\t\t\t\t&nbsp;\n\t\t\t\t\t<\/p>\n\t<\/div>\n\n \t\n\t<!-- Pagination -->\n    <br class=\"ngg-clear\"\/>\n \t<div class='ngg-clear'><\/div><\/div>\n\n\n<h3><a title=\"Star\u00e1 fotogal\u00e9ria Happy2Travel\" href=\"http:\/\/happy2travel.eu\/sk\/fotogaleria-stara\">Star\u00e1 fotogal\u00e9ria Happy2Travel<\/a><\/h3>\n<p>(fotografie v ni\u017e\u0161ej kvalite alebo bez \u00faprav, zn\u00ed\u017een\u00e1 funk\u010dnos\u0165)<\/p>\n<p><a title=\"Star\u00e1 fotogal\u00e9ria\" href=\"http:\/\/happy2travel.eu\/sk\/fotogaleria-stara\"><img loading=\"lazy\" title=\"Star\u00e1 fotogal\u00e9ria\" src=\"http:\/\/happy2travel.eu\/sk\/platforma\/fotogaleria.jpg\" alt=\"Star\u00e1 fotogal\u00e9ria\" width=\"520\" height=\"50\" \/><\/a><\/p>\n","protected":false},"excerpt":{"rendered":"<p>Po\u013esko \u2013 farby a sny jednej krajiny Fotogal\u00e9rie Happy2Travel Nov\u00e1 fotogal\u00e9ria Happy2Travel (fotografie vo vysokej kvalite, vo v\u00fdstavbe) Star\u00e1 fotogal\u00e9ria Happy2Travel (fotografie v ni\u017e\u0161ej kvalite alebo bez \u00faprav, zn\u00ed\u017een\u00e1 funk\u010dnos\u0165)<\/p>\n","protected":false},"author":1,"featured_media":0,"parent":0,"menu_order":0,"comment_status":"open","ping_status":"open","template":"","meta":{"ngg_post_thumbnail":0},"_links":{"self":[{"href":"https:\/\/happy2travel.eu\/sk\/wp-json\/wp\/v2\/pages\/1058"}],"collection":[{"href":"https:\/\/happy2travel.eu\/sk\/wp-json\/wp\/v2\/pages"}],"about":[{"href":"https:\/\/happy2travel.eu\/sk\/wp-json\/wp\/v2\/types\/page"}],"author":[{"embeddable":true,"href":"https:\/\/happy2travel.eu\/sk\/wp-json\/wp\/v2\/users\/1"}],"replies":[{"embeddable":true,"href":"https:\/\/happy2travel.eu\/sk\/wp-json\/wp\/v2\/comments?post=1058"}],"version-history":[{"count":5,"href":"https:\/\/happy2travel.eu\/sk\/wp-json\/wp\/v2\/pages\/1058\/revisions"}],"predecessor-version":[{"id":1220,"href":"https:\/\/happy2travel.eu\/sk\/wp-json\/wp\/v2\/pages\/1058\/revisions\/1220"}],"wp:attachment":[{"href":"https:\/\/happy2travel.eu\/sk\/wp-json\/wp\/v2\/media?parent=1058"}],"curies":[{"name":"wp","href":"https:\/\/api.w.org\/{rel}","templated":true}]}}